{"id":649,"date":"2023-04-14T13:34:59","date_gmt":"2023-04-14T12:34:59","guid":{"rendered":"https:\/\/orangedairy.com\/our-promise-to-you\/"},"modified":"2023-08-17T13:54:14","modified_gmt":"2023-08-17T12:54:14","slug":"notre-engagement-envers-vous","status":"publish","type":"page","link":"https:\/\/orangedairy.com\/fr\/notre-engagement-envers-vous\/","title":{"rendered":"Notre Engagement Envers Vous"},"content":{"rendered":"<div class=\"fusion-fullwidth fullwidth-box fusion-builder-row-1 fusion-flex-container has-pattern-background has-mask-background nonhundred-percent-fullwidth non-hundred-percent-height-scrolling\" style=\"--awb-border-radius-top-left:0px;--awb-border-radius-top-right:0px;--awb-border-radius-bottom-right:0px;--awb-border-radius-bottom-left:0px;\" ><div class=\"fusion-builder-row fusion-row fusion-flex-align-items-flex-start fusion-flex-justify-content-center\" style=\"max-width:1248px;margin-left: calc(-4% \/ 2 );margin-right: calc(-4% \/ 2 );\"><div class=\"fusion-layout-column fusion_builder_column fusion-builder-column-0 fusion_builder_column_3_4 3_4 fusion-flex-column\" style=\"--awb-bg-size:cover;--awb-width-large:75%;--awb-margin-top-large:0px;--awb-spacing-right-large:2.56%;--awb-margin-bottom-large:0px;--awb-spacing-left-large:2.56%;--awb-width-medium:75%;--awb-order-medium:0;--awb-spacing-right-medium:2.56%;--awb-spacing-left-medium:2.56%;--awb-width-small:100%;--awb-order-small:0;--awb-spacing-right-small:1.92%;--awb-spacing-left-small:1.92%;\" data-motion-effects=\"[{&quot;type&quot;:&quot;&quot;,&quot;scroll_type&quot;:&quot;transition&quot;,&quot;scroll_direction&quot;:&quot;up&quot;,&quot;transition_speed&quot;:&quot;1&quot;,&quot;fade_type&quot;:&quot;in&quot;,&quot;scale_type&quot;:&quot;up&quot;,&quot;initial_scale&quot;:&quot;1&quot;,&quot;max_scale&quot;:&quot;1.5&quot;,&quot;min_scale&quot;:&quot;0.5&quot;,&quot;initial_rotate&quot;:&quot;0&quot;,&quot;end_rotate&quot;:&quot;30&quot;,&quot;initial_blur&quot;:&quot;0&quot;,&quot;end_blur&quot;:&quot;3&quot;,&quot;start_element&quot;:&quot;top&quot;,&quot;start_viewport&quot;:&quot;bottom&quot;,&quot;end_element&quot;:&quot;bottom&quot;,&quot;end_viewport&quot;:&quot;top&quot;,&quot;mouse_effect&quot;:&quot;track&quot;,&quot;mouse_effect_direction&quot;:&quot;opposite&quot;,&quot;mouse_effect_speed&quot;:&quot;2&quot;,&quot;infinite_animation&quot;:&quot;float&quot;,&quot;infinite_animation_speed&quot;:&quot;2&quot;}]\" data-scroll-devices=\"small-visibility,medium-visibility,large-visibility\"><div class=\"fusion-column-wrapper fusion-column-has-shadow fusion-flex-justify-content-flex-start fusion-content-layout-column\"><div class=\"fusion-title title fusion-title-1 fusion-sep-none fusion-title-center fusion-title-text fusion-title-size-one orange-txt\"><h1 class=\"title-heading-center\" style=\"margin:0;text-transform:uppercase;\"><strong>NOTRE ENGAGEMENT ENVERS VOUS <\/strong><\/h1><\/div><div class=\"fusion-text fusion-text-1 fusion-text-no-margin\" style=\"--awb-content-alignment:center;--awb-margin-bottom:30px;\"><p>En tant qu&rsquo;entreprise d\u00e9di\u00e9e \u00e0 aider les personnes ayant des besoins nutritionnels \u00e0 vivre une vie plus heureuse et plus saine, nous vous promettons ce qui suit :<\/p>\n<\/div><\/div><\/div><div class=\"fusion-layout-column fusion_builder_column fusion-builder-column-1 fusion_builder_column_2_3 2_3 fusion-flex-column\" style=\"--awb-bg-size:cover;--awb-width-large:66.666666666667%;--awb-margin-top-large:0px;--awb-spacing-right-large:2.88%;--awb-margin-bottom-large:20px;--awb-spacing-left-large:2.88%;--awb-width-medium:66.666666666667%;--awb-order-medium:0;--awb-spacing-right-medium:2.88%;--awb-spacing-left-medium:2.88%;--awb-width-small:100%;--awb-order-small:0;--awb-spacing-right-small:1.92%;--awb-spacing-left-small:1.92%;\" data-motion-effects=\"[{&quot;type&quot;:&quot;&quot;,&quot;scroll_type&quot;:&quot;transition&quot;,&quot;scroll_direction&quot;:&quot;up&quot;,&quot;transition_speed&quot;:&quot;1&quot;,&quot;fade_type&quot;:&quot;in&quot;,&quot;scale_type&quot;:&quot;up&quot;,&quot;initial_scale&quot;:&quot;1&quot;,&quot;max_scale&quot;:&quot;1.5&quot;,&quot;min_scale&quot;:&quot;0.5&quot;,&quot;initial_rotate&quot;:&quot;0&quot;,&quot;end_rotate&quot;:&quot;30&quot;,&quot;initial_blur&quot;:&quot;0&quot;,&quot;end_blur&quot;:&quot;3&quot;,&quot;start_element&quot;:&quot;top&quot;,&quot;start_viewport&quot;:&quot;bottom&quot;,&quot;end_element&quot;:&quot;bottom&quot;,&quot;end_viewport&quot;:&quot;top&quot;,&quot;mouse_effect&quot;:&quot;track&quot;,&quot;mouse_effect_direction&quot;:&quot;opposite&quot;,&quot;mouse_effect_speed&quot;:&quot;2&quot;,&quot;infinite_animation&quot;:&quot;float&quot;,&quot;infinite_animation_speed&quot;:&quot;2&quot;}]\" data-scroll-devices=\"small-visibility,medium-visibility,large-visibility\"><div class=\"fusion-column-wrapper fusion-column-has-shadow fusion-flex-justify-content-flex-start fusion-content-layout-column\"><ul style=\"--awb-iconcolor:var(--awb-color2);--awb-line-height:27.2px;--awb-icon-width:27.2px;--awb-icon-height:27.2px;--awb-icon-margin:11.2px;--awb-content-margin:38.4px;\" class=\"fusion-checklist fusion-checklist-1 fusion-checklist-default type-icons\"><li class=\"fusion-li-item\" style=\"\"><span class=\"icon-wrapper circle-no\"><i class=\"fusion-li-icon fa-check-circle fas\" aria-hidden=\"true\"><\/i><\/span><div class=\"fusion-li-item-content\">\n<p>Nous continuerons d&rsquo;introduire de nouveaux produits novateurs dans notre assortiment.<\/p>\n<\/div><\/li><li class=\"fusion-li-item\" style=\"\"><span class=\"icon-wrapper circle-no\"><i class=\"fusion-li-icon fa-check-circle fas\" aria-hidden=\"true\"><\/i><\/span><div class=\"fusion-li-item-content\">\n<p>Nous s\u00e9lectionnerons uniquement des ingr\u00e9dients de la meilleure qualit\u00e9, utiliserons des proc\u00e9d\u00e9s de fabrication les plus r\u00e9cents et maintiendrons des normes de contr\u00f4le de qualit\u00e9 rigoureuses, assurant ainsi que nos produits sont d&rsquo;une qualit\u00e9 sup\u00e9rieure.<\/p>\n<\/div><\/li><li class=\"fusion-li-item\" style=\"\"><span class=\"icon-wrapper circle-no\"><i class=\"fusion-li-icon fa-check-circle fas\" aria-hidden=\"true\"><\/i><\/span><div class=\"fusion-li-item-content\">\n<p>Nous comprenons l&rsquo;importance de collaborer avec les professionnels de la sant\u00e9 et d\u00e9velopperons des supports et des outils utiles pour favoriser les meilleurs r\u00e9sultats pour les patients.<\/p>\n<\/div><\/li><\/ul><\/div><\/div><\/div><\/div>\n","protected":false},"excerpt":{"rendered":"","protected":false},"author":2,"featured_media":413,"parent":0,"menu_order":3,"comment_status":"closed","ping_status":"closed","template":"100-width.php","meta":{"footnotes":""},"class_list":["post-649","page","type-page","status-publish","has-post-thumbnail","hentry"],"yoast_head":"<!-- This site is optimized with the Yoast SEO plugin v20.12 - https:\/\/yoast.com\/wordpress\/plugins\/seo\/ -->\n<title>Notre Engagement Envers Vous - Orange Dairy<\/title>\n<meta name=\"description\" content=\"Orange Dairy are committed to helping people with nutritional needs live happier, healthier lives. We fulfil our promises.\" \/>\n<meta name=\"robots\" content=\"index, follow, max-snippet:-1, max-image-preview:large, max-video-preview:-1\" \/>\n<link rel=\"canonical\" href=\"https:\/\/orangedairy.com\/fr\/notre-engagement-envers-vous\/\" \/>\n<meta property=\"og:locale\" content=\"fr_FR\" \/>\n<meta property=\"og:type\" content=\"article\" \/>\n<meta property=\"og:title\" content=\"Notre Engagement Envers Vous - Orange Dairy\" \/>\n<meta property=\"og:description\" content=\"Orange Dairy are committed to helping people with nutritional needs live happier, healthier lives. We fulfil our promises.\" \/>\n<meta property=\"og:url\" content=\"https:\/\/orangedairy.com\/fr\/notre-engagement-envers-vous\/\" \/>\n<meta property=\"og:site_name\" content=\"Orange Dairy\" \/>\n<meta property=\"article:modified_time\" content=\"2023-08-17T12:54:14+00:00\" \/>\n<meta property=\"og:image\" content=\"https:\/\/orangedairy.com\/wp-content\/uploads\/2023\/04\/orange-dairy-our-promise.jpg\" \/>\n\t<meta property=\"og:image:width\" content=\"1200\" \/>\n\t<meta property=\"og:image:height\" content=\"540\" \/>\n\t<meta property=\"og:image:type\" content=\"image\/jpeg\" \/>\n<meta name=\"twitter:card\" content=\"summary_large_image\" \/>\n<script type=\"application\/ld+json\" class=\"yoast-schema-graph\">{\"@context\":\"https:\/\/schema.org\",\"@graph\":[{\"@type\":\"WebPage\",\"@id\":\"https:\/\/orangedairy.com\/fr\/notre-engagement-envers-vous\/\",\"url\":\"https:\/\/orangedairy.com\/fr\/notre-engagement-envers-vous\/\",\"name\":\"Notre Engagement Envers Vous - Orange Dairy\",\"isPartOf\":{\"@id\":\"https:\/\/orangedairy.com\/fr\/#website\"},\"datePublished\":\"2023-04-14T12:34:59+00:00\",\"dateModified\":\"2023-08-17T12:54:14+00:00\",\"description\":\"Orange Dairy are committed to helping people with nutritional needs live happier, healthier lives. We fulfil our promises.\",\"breadcrumb\":{\"@id\":\"https:\/\/orangedairy.com\/fr\/notre-engagement-envers-vous\/#breadcrumb\"},\"inLanguage\":\"fr-FR\",\"potentialAction\":[{\"@type\":\"ReadAction\",\"target\":[\"https:\/\/orangedairy.com\/fr\/notre-engagement-envers-vous\/\"]}]},{\"@type\":\"BreadcrumbList\",\"@id\":\"https:\/\/orangedairy.com\/fr\/notre-engagement-envers-vous\/#breadcrumb\",\"itemListElement\":[{\"@type\":\"ListItem\",\"position\":1,\"name\":\"Home\",\"item\":\"https:\/\/orangedairy.com\/fr\/\"},{\"@type\":\"ListItem\",\"position\":2,\"name\":\"Notre Engagement Envers Vous\"}]},{\"@type\":\"WebSite\",\"@id\":\"https:\/\/orangedairy.com\/fr\/#website\",\"url\":\"https:\/\/orangedairy.com\/fr\/\",\"name\":\"Orange Dairy\",\"description\":\"Innovation in Nutrition\",\"publisher\":{\"@id\":\"https:\/\/orangedairy.com\/fr\/#organization\"},\"potentialAction\":[{\"@type\":\"SearchAction\",\"target\":{\"@type\":\"EntryPoint\",\"urlTemplate\":\"https:\/\/orangedairy.com\/fr\/?s={search_term_string}\"},\"query-input\":\"required name=search_term_string\"}],\"inLanguage\":\"fr-FR\"},{\"@type\":\"Organization\",\"@id\":\"https:\/\/orangedairy.com\/fr\/#organization\",\"name\":\"Orange Dairy\",\"url\":\"https:\/\/orangedairy.com\/fr\/\",\"logo\":{\"@type\":\"ImageObject\",\"inLanguage\":\"fr-FR\",\"@id\":\"https:\/\/orangedairy.com\/fr\/#\/schema\/logo\/image\/\",\"url\":\"https:\/\/orangedairy.com\/wp-content\/uploads\/2023\/04\/orange-dairy-favicon.png\",\"contentUrl\":\"https:\/\/orangedairy.com\/wp-content\/uploads\/2023\/04\/orange-dairy-favicon.png\",\"width\":600,\"height\":600,\"caption\":\"Orange Dairy\"},\"image\":{\"@id\":\"https:\/\/orangedairy.com\/fr\/#\/schema\/logo\/image\/\"}}]}<\/script>\n<!-- \/ Yoast SEO plugin. -->","yoast_head_json":{"title":"Notre Engagement Envers Vous - Orange Dairy","description":"Orange Dairy are committed to helping people with nutritional needs live happier, healthier lives. We fulfil our promises.","robots":{"index":"index","follow":"follow","max-snippet":"max-snippet:-1","max-image-preview":"max-image-preview:large","max-video-preview":"max-video-preview:-1"},"canonical":"https:\/\/orangedairy.com\/fr\/notre-engagement-envers-vous\/","og_locale":"fr_FR","og_type":"article","og_title":"Notre Engagement Envers Vous - Orange Dairy","og_description":"Orange Dairy are committed to helping people with nutritional needs live happier, healthier lives. We fulfil our promises.","og_url":"https:\/\/orangedairy.com\/fr\/notre-engagement-envers-vous\/","og_site_name":"Orange Dairy","article_modified_time":"2023-08-17T12:54:14+00:00","og_image":[{"width":1200,"height":540,"url":"https:\/\/orangedairy.com\/wp-content\/uploads\/2023\/04\/orange-dairy-our-promise.jpg","type":"image\/jpeg"}],"twitter_card":"summary_large_image","schema":{"@context":"https:\/\/schema.org","@graph":[{"@type":"WebPage","@id":"https:\/\/orangedairy.com\/fr\/notre-engagement-envers-vous\/","url":"https:\/\/orangedairy.com\/fr\/notre-engagement-envers-vous\/","name":"Notre Engagement Envers Vous - Orange Dairy","isPartOf":{"@id":"https:\/\/orangedairy.com\/fr\/#website"},"datePublished":"2023-04-14T12:34:59+00:00","dateModified":"2023-08-17T12:54:14+00:00","description":"Orange Dairy are committed to helping people with nutritional needs live happier, healthier lives. We fulfil our promises.","breadcrumb":{"@id":"https:\/\/orangedairy.com\/fr\/notre-engagement-envers-vous\/#breadcrumb"},"inLanguage":"fr-FR","potentialAction":[{"@type":"ReadAction","target":["https:\/\/orangedairy.com\/fr\/notre-engagement-envers-vous\/"]}]},{"@type":"BreadcrumbList","@id":"https:\/\/orangedairy.com\/fr\/notre-engagement-envers-vous\/#breadcrumb","itemListElement":[{"@type":"ListItem","position":1,"name":"Home","item":"https:\/\/orangedairy.com\/fr\/"},{"@type":"ListItem","position":2,"name":"Notre Engagement Envers Vous"}]},{"@type":"WebSite","@id":"https:\/\/orangedairy.com\/fr\/#website","url":"https:\/\/orangedairy.com\/fr\/","name":"Orange Dairy","description":"Innovation in Nutrition","publisher":{"@id":"https:\/\/orangedairy.com\/fr\/#organization"},"potentialAction":[{"@type":"SearchAction","target":{"@type":"EntryPoint","urlTemplate":"https:\/\/orangedairy.com\/fr\/?s={search_term_string}"},"query-input":"required name=search_term_string"}],"inLanguage":"fr-FR"},{"@type":"Organization","@id":"https:\/\/orangedairy.com\/fr\/#organization","name":"Orange Dairy","url":"https:\/\/orangedairy.com\/fr\/","logo":{"@type":"ImageObject","inLanguage":"fr-FR","@id":"https:\/\/orangedairy.com\/fr\/#\/schema\/logo\/image\/","url":"https:\/\/orangedairy.com\/wp-content\/uploads\/2023\/04\/orange-dairy-favicon.png","contentUrl":"https:\/\/orangedairy.com\/wp-content\/uploads\/2023\/04\/orange-dairy-favicon.png","width":600,"height":600,"caption":"Orange Dairy"},"image":{"@id":"https:\/\/orangedairy.com\/fr\/#\/schema\/logo\/image\/"}}]}},"_links":{"self":[{"href":"https:\/\/orangedairy.com\/fr\/wp-json\/wp\/v2\/pages\/649"}],"collection":[{"href":"https:\/\/orangedairy.com\/fr\/wp-json\/wp\/v2\/pages"}],"about":[{"href":"https:\/\/orangedairy.com\/fr\/wp-json\/wp\/v2\/types\/page"}],"author":[{"embeddable":true,"href":"https:\/\/orangedairy.com\/fr\/wp-json\/wp\/v2\/users\/2"}],"replies":[{"embeddable":true,"href":"https:\/\/orangedairy.com\/fr\/wp-json\/wp\/v2\/comments?post=649"}],"version-history":[{"count":0,"href":"https:\/\/orangedairy.com\/fr\/wp-json\/wp\/v2\/pages\/649\/revisions"}],"wp:featuredmedia":[{"embeddable":true,"href":"https:\/\/orangedairy.com\/fr\/wp-json\/wp\/v2\/media\/413"}],"wp:attachment":[{"href":"https:\/\/orangedairy.com\/fr\/wp-json\/wp\/v2\/media?parent=649"}],"curies":[{"name":"wp","href":"https:\/\/api.w.org\/{rel}","templated":true}]}}