{"id":648,"date":"2023-04-14T13:19:35","date_gmt":"2023-04-14T12:19:35","guid":{"rendered":"https:\/\/orangedairy.com\/our-capabilities\/"},"modified":"2023-08-27T11:29:18","modified_gmt":"2023-08-27T10:29:18","slug":"nos-capacites","status":"publish","type":"page","link":"https:\/\/orangedairy.com\/fr\/nos-capacites\/","title":{"rendered":"Nos Capacites"},"content":{"rendered":"<p><div class=\"fusion-fullwidth fullwidth-box fusion-builder-row-1 fusion-flex-container has-pattern-background has-mask-background nonhundred-percent-fullwidth non-hundred-percent-height-scrolling\" style=\"--awb-border-radius-top-left:0px;--awb-border-radius-top-right:0px;--awb-border-radius-bottom-right:0px;--awb-border-radius-bottom-left:0px;\" ><div class=\"fusion-builder-row fusion-row fusion-flex-align-items-flex-start fusion-flex-justify-content-center\" style=\"max-width:1248px;margin-left: calc(-4% \/ 2 );margin-right: calc(-4% \/ 2 );\"><div class=\"fusion-layout-column fusion_builder_column fusion-builder-column-0 fusion_builder_column_3_4 3_4 fusion-flex-column\" style=\"--awb-bg-size:cover;--awb-width-large:75%;--awb-margin-top-large:0px;--awb-spacing-right-large:2.56%;--awb-margin-bottom-large:30px;--awb-spacing-left-large:2.56%;--awb-width-medium:75%;--awb-order-medium:0;--awb-spacing-right-medium:2.56%;--awb-spacing-left-medium:2.56%;--awb-width-small:100%;--awb-order-small:0;--awb-spacing-right-small:1.92%;--awb-spacing-left-small:1.92%;\" data-motion-effects=\"[{&quot;type&quot;:&quot;&quot;,&quot;scroll_type&quot;:&quot;transition&quot;,&quot;scroll_direction&quot;:&quot;up&quot;,&quot;transition_speed&quot;:&quot;1&quot;,&quot;fade_type&quot;:&quot;in&quot;,&quot;scale_type&quot;:&quot;up&quot;,&quot;initial_scale&quot;:&quot;1&quot;,&quot;max_scale&quot;:&quot;1.5&quot;,&quot;min_scale&quot;:&quot;0.5&quot;,&quot;initial_rotate&quot;:&quot;0&quot;,&quot;end_rotate&quot;:&quot;30&quot;,&quot;initial_blur&quot;:&quot;0&quot;,&quot;end_blur&quot;:&quot;3&quot;,&quot;start_element&quot;:&quot;top&quot;,&quot;start_viewport&quot;:&quot;bottom&quot;,&quot;end_element&quot;:&quot;bottom&quot;,&quot;end_viewport&quot;:&quot;top&quot;,&quot;mouse_effect&quot;:&quot;track&quot;,&quot;mouse_effect_direction&quot;:&quot;opposite&quot;,&quot;mouse_effect_speed&quot;:&quot;2&quot;,&quot;infinite_animation&quot;:&quot;float&quot;,&quot;infinite_animation_speed&quot;:&quot;2&quot;}]\" data-scroll-devices=\"small-visibility,medium-visibility,large-visibility\"><div class=\"fusion-column-wrapper fusion-column-has-shadow fusion-flex-justify-content-flex-start fusion-content-layout-column\"><div class=\"fusion-title title fusion-title-1 fusion-sep-none fusion-title-center fusion-title-text fusion-title-size-two orange-txt\"><h2 class=\"title-heading-center\" style=\"margin:0;text-transform:uppercase;\">NOS CAPACIT\u00c9S<\/h2><\/div><div class=\"fusion-text fusion-text-1 fusion-text-no-margin\" style=\"--awb-content-alignment:center;--awb-margin-bottom:40px;\"><p>Chez Orange Dairy, nous nous engageons envers l&rsquo;excellence et la haute qualit\u00e9 dans toutes nos activit\u00e9s. Nous exigeons les meilleurs processus et pratiques, et nos sites de production sont soigneusement s\u00e9lectionn\u00e9s pour atteindre des normes \u00e9lev\u00e9es gr\u00e2ce aux mat\u00e9riaux sources et \u00e0 l&rsquo;expertise disponibles.<\/p>\n<\/div><\/div><\/div><\/div><\/div><div class=\"fusion-fullwidth fullwidth-box fusion-builder-row-2 fusion-flex-container has-pattern-background has-mask-background hundred-percent-fullwidth non-hundred-percent-height-scrolling\" style=\"--awb-border-radius-top-left:0px;--awb-border-radius-top-right:0px;--awb-border-radius-bottom-right:0px;--awb-border-radius-bottom-left:0px;--awb-padding-right:0px;--awb-padding-left:0px;\" ><div class=\"fusion-builder-row fusion-row fusion-flex-align-items-center fusion-flex-justify-content-center\" style=\"width:calc( 100% + 0px ) !important;max-width:calc( 100% + 0px ) !important;margin-left: calc(-0px \/ 2 );margin-right: calc(-0px \/ 2 );\"><div class=\"fusion-layout-column fusion_builder_column fusion-builder-column-1 fusion_builder_column_1_1 1_1 fusion-flex-column fusion-flex-align-self-center\" style=\"--awb-bg-size:cover;--awb-width-large:100%;--awb-margin-top-large:0px;--awb-spacing-right-large:0;--awb-margin-bottom-large:0px;--awb-spacing-left-large:0;--awb-width-medium:100%;--awb-order-medium:0;--awb-spacing-right-medium:0;--awb-spacing-left-medium:0;--awb-width-small:100%;--awb-order-small:0;--awb-spacing-right-small:0;--awb-spacing-left-small:0;\" data-motion-effects=\"[{&quot;type&quot;:&quot;&quot;,&quot;scroll_type&quot;:&quot;transition&quot;,&quot;scroll_direction&quot;:&quot;up&quot;,&quot;transition_speed&quot;:&quot;1&quot;,&quot;fade_type&quot;:&quot;in&quot;,&quot;scale_type&quot;:&quot;up&quot;,&quot;initial_scale&quot;:&quot;1&quot;,&quot;max_scale&quot;:&quot;1.5&quot;,&quot;min_scale&quot;:&quot;0.5&quot;,&quot;initial_rotate&quot;:&quot;0&quot;,&quot;end_rotate&quot;:&quot;30&quot;,&quot;initial_blur&quot;:&quot;0&quot;,&quot;end_blur&quot;:&quot;3&quot;,&quot;start_element&quot;:&quot;top&quot;,&quot;start_viewport&quot;:&quot;bottom&quot;,&quot;end_element&quot;:&quot;bottom&quot;,&quot;end_viewport&quot;:&quot;top&quot;,&quot;mouse_effect&quot;:&quot;track&quot;,&quot;mouse_effect_direction&quot;:&quot;opposite&quot;,&quot;mouse_effect_speed&quot;:&quot;2&quot;,&quot;infinite_animation&quot;:&quot;float&quot;,&quot;infinite_animation_speed&quot;:&quot;2&quot;}]\" data-scroll-devices=\"small-visibility,medium-visibility,large-visibility\"><div class=\"fusion-column-wrapper fusion-column-has-shadow fusion-flex-justify-content-center fusion-content-layout-column\"><div class=\"fusion-image-element \" style=\"text-align:center;--awb-mask-url: url(http:\/\/orangedairy.com\/wp-content\/uploads\/2023\/04\/orange-dairy-mask-footer.svg);--awb-mask-size: cover;--awb-caption-title-font-family:var(--h2_typography-font-family);--awb-caption-title-font-weight:var(--h2_typography-font-weight);--awb-caption-title-font-style:var(--h2_typography-font-style);--awb-caption-title-size:var(--h2_typography-font-size);--awb-caption-title-transform:var(--h2_typography-text-transform);--awb-caption-title-line-height:var(--h2_typography-line-height);--awb-caption-title-letter-spacing:var(--h2_typography-letter-spacing);\"><span class=\" fusion-imageframe imageframe-none imageframe-1 hover-type-none has-mask\" class=\"image-magnify\" class=\"image-scroll\"><img decoding=\"async\" width=\"1200\" height=\"543\" title=\"rough-og-inner-1\" src=\"http:\/\/orangedairy.com\/wp-content\/uploads\/2023\/04\/rough-og-inner-1.jpg\" alt class=\"img-responsive wp-image-374\" srcset=\"https:\/\/orangedairy.com\/wp-content\/uploads\/2023\/04\/rough-og-inner-1-200x91.jpg 200w, https:\/\/orangedairy.com\/wp-content\/uploads\/2023\/04\/rough-og-inner-1-400x181.jpg 400w, https:\/\/orangedairy.com\/wp-content\/uploads\/2023\/04\/rough-og-inner-1-600x272.jpg 600w, https:\/\/orangedairy.com\/wp-content\/uploads\/2023\/04\/rough-og-inner-1-800x362.jpg 800w, https:\/\/orangedairy.com\/wp-content\/uploads\/2023\/04\/rough-og-inner-1.jpg 1200w\" sizes=\"(max-width: 800px) 100vw, 1200px\" \/><\/span><\/div><\/div><\/div><\/div><\/div><div class=\"fusion-fullwidth fullwidth-box fusion-builder-row-3 fusion-flex-container has-pattern-background has-mask-background nonhundred-percent-fullwidth non-hundred-percent-height-scrolling\" style=\"--awb-border-radius-top-left:0px;--awb-border-radius-top-right:0px;--awb-border-radius-bottom-right:0px;--awb-border-radius-bottom-left:0px;\" ><div class=\"fusion-builder-row fusion-row fusion-flex-align-items-flex-start fusion-flex-justify-content-center\" style=\"max-width:1248px;margin-left: calc(-4% \/ 2 );margin-right: calc(-4% \/ 2 );\"><div class=\"fusion-layout-column fusion_builder_column fusion-builder-column-2 fusion_builder_column_3_4 3_4 fusion-flex-column\" style=\"--awb-bg-size:cover;--awb-width-large:75%;--awb-margin-top-large:30px;--awb-spacing-right-large:2.56%;--awb-margin-bottom-large:20px;--awb-spacing-left-large:2.56%;--awb-width-medium:75%;--awb-order-medium:0;--awb-spacing-right-medium:2.56%;--awb-spacing-left-medium:2.56%;--awb-width-small:100%;--awb-order-small:0;--awb-spacing-right-small:1.92%;--awb-spacing-left-small:1.92%;\" data-motion-effects=\"[{&quot;type&quot;:&quot;&quot;,&quot;scroll_type&quot;:&quot;transition&quot;,&quot;scroll_direction&quot;:&quot;up&quot;,&quot;transition_speed&quot;:&quot;1&quot;,&quot;fade_type&quot;:&quot;in&quot;,&quot;scale_type&quot;:&quot;up&quot;,&quot;initial_scale&quot;:&quot;1&quot;,&quot;max_scale&quot;:&quot;1.5&quot;,&quot;min_scale&quot;:&quot;0.5&quot;,&quot;initial_rotate&quot;:&quot;0&quot;,&quot;end_rotate&quot;:&quot;30&quot;,&quot;initial_blur&quot;:&quot;0&quot;,&quot;end_blur&quot;:&quot;3&quot;,&quot;start_element&quot;:&quot;top&quot;,&quot;start_viewport&quot;:&quot;bottom&quot;,&quot;end_element&quot;:&quot;bottom&quot;,&quot;end_viewport&quot;:&quot;top&quot;,&quot;mouse_effect&quot;:&quot;track&quot;,&quot;mouse_effect_direction&quot;:&quot;opposite&quot;,&quot;mouse_effect_speed&quot;:&quot;2&quot;,&quot;infinite_animation&quot;:&quot;float&quot;,&quot;infinite_animation_speed&quot;:&quot;2&quot;}]\" data-scroll-devices=\"small-visibility,medium-visibility,large-visibility\"><div class=\"fusion-column-wrapper fusion-column-has-shadow fusion-flex-justify-content-flex-start fusion-content-layout-column\"><div class=\"fusion-title title fusion-title-2 fusion-sep-none fusion-title-center fusion-title-text fusion-title-size-two orange-txt\"><h2 class=\"title-heading-center\" style=\"margin:0;text-transform:uppercase;\"><strong>QUALIT\u00c9 N\u00c9ERLANDAISE<\/strong><\/h2><\/div><div class=\"fusion-text fusion-text-2 fusion-text-no-margin\" style=\"--awb-content-alignment:center;--awb-margin-bottom:40px;\"><p>Notre installation de pointe, situ\u00e9e aux Pays-Bas, produit des produits nutritionnels en poudre dans un environnement contr\u00f4l\u00e9, offrant des normes d&rsquo;hygi\u00e8ne et de s\u00e9curit\u00e9 exceptionnelles et b\u00e9n\u00e9ficiant des derni\u00e8res avanc\u00e9es technologiques. Pour optimiser l&rsquo;utilisation de notre \u00e9quipement, nous avons mis en place un nouveau syst\u00e8me informatique qui surveille attentivement chaque \u00e9tape du processus de fabrication pour garantir une ex\u00e9cution m\u00e9ticuleuse et coh\u00e9rente, sans aucun \u00e9cart. Gr\u00e2ce \u00e0 ces avantages uniques, nous nous assurons de toujours d\u00e9passer les normes en mati\u00e8re de Bonnes Pratiques de Fabrication (BPF) et d&rsquo;Analyse des Risques et Points Critiques (HACCP).<\/p>\n<\/div><\/div><\/div><\/div><\/div><div class=\"fusion-fullwidth fullwidth-box fusion-builder-row-4 fusion-flex-container has-pattern-background has-mask-background hundred-percent-fullwidth non-hundred-percent-height-scrolling\" style=\"--awb-border-radius-top-left:0px;--awb-border-radius-top-right:0px;--awb-border-radius-bottom-right:0px;--awb-border-radius-bottom-left:0px;--awb-padding-right:0px;--awb-padding-left:0px;--awb-background-image:linear-gradient(180deg, var(--awb-color8) 50%,var(--awb-color2) 50%);\" ><div class=\"fusion-builder-row fusion-row fusion-flex-align-items-center fusion-flex-justify-content-center\" style=\"width:calc( 100% + 0px ) !important;max-width:calc( 100% + 0px ) !important;margin-left: calc(-0px \/ 2 );margin-right: calc(-0px \/ 2 );\"><div class=\"fusion-layout-column fusion_builder_column fusion-builder-column-3 fusion_builder_column_1_1 1_1 fusion-flex-column fusion-flex-align-self-center\" style=\"--awb-bg-size:cover;--awb-width-large:100%;--awb-margin-top-large:0px;--awb-spacing-right-large:0;--awb-margin-bottom-large:0px;--awb-spacing-left-large:0;--awb-width-medium:100%;--awb-order-medium:0;--awb-spacing-right-medium:0;--awb-spacing-left-medium:0;--awb-width-small:100%;--awb-order-small:0;--awb-spacing-right-small:0;--awb-spacing-left-small:0;\" data-motion-effects=\"[{&quot;type&quot;:&quot;&quot;,&quot;scroll_type&quot;:&quot;transition&quot;,&quot;scroll_direction&quot;:&quot;up&quot;,&quot;transition_speed&quot;:&quot;1&quot;,&quot;fade_type&quot;:&quot;in&quot;,&quot;scale_type&quot;:&quot;up&quot;,&quot;initial_scale&quot;:&quot;1&quot;,&quot;max_scale&quot;:&quot;1.5&quot;,&quot;min_scale&quot;:&quot;0.5&quot;,&quot;initial_rotate&quot;:&quot;0&quot;,&quot;end_rotate&quot;:&quot;30&quot;,&quot;initial_blur&quot;:&quot;0&quot;,&quot;end_blur&quot;:&quot;3&quot;,&quot;start_element&quot;:&quot;top&quot;,&quot;start_viewport&quot;:&quot;bottom&quot;,&quot;end_element&quot;:&quot;bottom&quot;,&quot;end_viewport&quot;:&quot;top&quot;,&quot;mouse_effect&quot;:&quot;track&quot;,&quot;mouse_effect_direction&quot;:&quot;opposite&quot;,&quot;mouse_effect_speed&quot;:&quot;2&quot;,&quot;infinite_animation&quot;:&quot;float&quot;,&quot;infinite_animation_speed&quot;:&quot;2&quot;}]\" data-scroll-devices=\"small-visibility,medium-visibility,large-visibility\"><div class=\"fusion-column-wrapper fusion-column-has-shadow fusion-flex-justify-content-center fusion-content-layout-column\"><div class=\"fusion-image-element \" style=\"text-align:center;--awb-mask-url: url(http:\/\/orangedairy.com\/wp-content\/uploads\/2023\/04\/orange-dairy-mask-footer.svg);--awb-mask-size: cover;--awb-caption-title-font-family:var(--h2_typography-font-family);--awb-caption-title-font-weight:var(--h2_typography-font-weight);--awb-caption-title-font-style:var(--h2_typography-font-style);--awb-caption-title-size:var(--h2_typography-font-size);--awb-caption-title-transform:var(--h2_typography-text-transform);--awb-caption-title-line-height:var(--h2_typography-line-height);--awb-caption-title-letter-spacing:var(--h2_typography-letter-spacing);\"><span class=\" fusion-imageframe imageframe-none imageframe-2 hover-type-none has-mask\" class=\"image-magnify\" class=\"image-scroll\"><img decoding=\"async\" width=\"1200\" height=\"543\" title=\"rough-og-inner-2\" src=\"http:\/\/orangedairy.com\/wp-content\/uploads\/2023\/04\/rough-og-inner-2.jpg\" alt class=\"img-responsive wp-image-377\" srcset=\"https:\/\/orangedairy.com\/wp-content\/uploads\/2023\/04\/rough-og-inner-2-200x91.jpg 200w, https:\/\/orangedairy.com\/wp-content\/uploads\/2023\/04\/rough-og-inner-2-400x181.jpg 400w, https:\/\/orangedairy.com\/wp-content\/uploads\/2023\/04\/rough-og-inner-2-600x272.jpg 600w, https:\/\/orangedairy.com\/wp-content\/uploads\/2023\/04\/rough-og-inner-2-800x362.jpg 800w, https:\/\/orangedairy.com\/wp-content\/uploads\/2023\/04\/rough-og-inner-2.jpg 1200w\" sizes=\"(max-width: 800px) 100vw, 1200px\" \/><\/span><\/div><\/div><\/div><\/div><\/div><div class=\"fusion-fullwidth fullwidth-box fusion-builder-row-5 fusion-flex-container has-pattern-background has-mask-background nonhundred-percent-fullwidth non-hundred-percent-height-scrolling\" style=\"--awb-border-radius-top-left:0px;--awb-border-radius-top-right:0px;--awb-border-radius-bottom-right:0px;--awb-border-radius-bottom-left:0px;--awb-background-color:var(--awb-color2);\" ><div class=\"fusion-builder-row fusion-row fusion-flex-align-items-flex-start fusion-flex-justify-content-center\" style=\"max-width:1248px;margin-left: calc(-4% \/ 2 );margin-right: calc(-4% \/ 2 );\"><div class=\"fusion-layout-column fusion_builder_column fusion-builder-column-4 fusion_builder_column_3_4 3_4 fusion-flex-column\" style=\"--awb-bg-size:cover;--awb-width-large:75%;--awb-margin-top-large:30px;--awb-spacing-right-large:2.56%;--awb-margin-bottom-large:20px;--awb-spacing-left-large:2.56%;--awb-width-medium:75%;--awb-order-medium:0;--awb-spacing-right-medium:2.56%;--awb-spacing-left-medium:2.56%;--awb-width-small:100%;--awb-order-small:0;--awb-spacing-right-small:1.92%;--awb-spacing-left-small:1.92%;\" data-motion-effects=\"[{&quot;type&quot;:&quot;&quot;,&quot;scroll_type&quot;:&quot;transition&quot;,&quot;scroll_direction&quot;:&quot;up&quot;,&quot;transition_speed&quot;:&quot;1&quot;,&quot;fade_type&quot;:&quot;in&quot;,&quot;scale_type&quot;:&quot;up&quot;,&quot;initial_scale&quot;:&quot;1&quot;,&quot;max_scale&quot;:&quot;1.5&quot;,&quot;min_scale&quot;:&quot;0.5&quot;,&quot;initial_rotate&quot;:&quot;0&quot;,&quot;end_rotate&quot;:&quot;30&quot;,&quot;initial_blur&quot;:&quot;0&quot;,&quot;end_blur&quot;:&quot;3&quot;,&quot;start_element&quot;:&quot;top&quot;,&quot;start_viewport&quot;:&quot;bottom&quot;,&quot;end_element&quot;:&quot;bottom&quot;,&quot;end_viewport&quot;:&quot;top&quot;,&quot;mouse_effect&quot;:&quot;track&quot;,&quot;mouse_effect_direction&quot;:&quot;opposite&quot;,&quot;mouse_effect_speed&quot;:&quot;2&quot;,&quot;infinite_animation&quot;:&quot;float&quot;,&quot;infinite_animation_speed&quot;:&quot;2&quot;}]\" data-scroll-devices=\"small-visibility,medium-visibility,large-visibility\"><div class=\"fusion-column-wrapper fusion-column-has-shadow fusion-flex-justify-content-flex-start fusion-content-layout-column\"><div class=\"fusion-title title fusion-title-3 fusion-sep-none fusion-title-center fusion-title-text fusion-title-size-two\" style=\"--awb-text-color:var(--awb-color8);\"><h2 class=\"title-heading-center\" style=\"margin:0;text-transform:uppercase;\"><strong>QUALIT\u00c9 SUR LAQUELLE VOUS POUVEZ COMPTER <\/strong><\/h2><\/div><div class=\"fusion-text fusion-text-3 sm-text-align-left fusion-text-no-margin\" style=\"--awb-content-alignment:center;--awb-text-color:var(--awb-color8);--awb-margin-bottom:40px;\"><p style=\"font-weight: 400; text-align: center;\">Dans chaque cas, nous obtenons le lait aupr\u00e8s de fermes locales et \u00e9vitons d&rsquo;acheter en vrac ou d&rsquo;importer du lait en poudre de l&rsquo;\u00e9tranger. Nous pouvons retracer l&rsquo;origine de tous les ingr\u00e9dients et effectuons des contr\u00f4les qualit\u00e9 \u00e0 chaque \u00e9tape du processus de fabrication, en v\u00e9rifiant la qualit\u00e9 par des laboratoires ind\u00e9pendants. Nous maintenons des normes mondialement reconnues conformes \u00e0 ESPGHAN, FDA, CODEX, SASO, ISO 9001 et 22000, et nous nous assurons que tous nos fournisseurs sont accr\u00e9dit\u00e9s GMP et 22000. De plus, nos produits sont garantis exempts d&rsquo;organismes g\u00e9n\u00e9tiquement modifi\u00e9s et d&rsquo;ingr\u00e9dients g\u00e9n\u00e9tiquement modifi\u00e9s.<\/p>\n<\/div><\/div><\/div><\/div><\/div><\/p>\n","protected":false},"excerpt":{"rendered":"","protected":false},"author":2,"featured_media":416,"parent":0,"menu_order":2,"comment_status":"closed","ping_status":"closed","template":"100-width.php","meta":{"footnotes":""},"class_list":["post-648","page","type-page","status-publish","has-post-thumbnail","hentry"],"yoast_head":"<!-- This site is optimized with the Yoast SEO plugin v20.12 - https:\/\/yoast.com\/wordpress\/plugins\/seo\/ -->\n<title>Nos Capacites - Orange Dairy<\/title>\n<meta name=\"description\" content=\"Orange Dairy is committed to high quality and excellence in everything we do. We insist on the very best processes and practices.\" \/>\n<meta name=\"robots\" content=\"index, follow, max-snippet:-1, max-image-preview:large, max-video-preview:-1\" \/>\n<link rel=\"canonical\" href=\"https:\/\/orangedairy.com\/fr\/nos-capacites\/\" \/>\n<meta property=\"og:locale\" content=\"fr_FR\" \/>\n<meta property=\"og:type\" content=\"article\" \/>\n<meta property=\"og:title\" content=\"Nos Capacites - Orange Dairy\" \/>\n<meta property=\"og:description\" content=\"Orange Dairy is committed to high quality and excellence in everything we do. We insist on the very best processes and practices.\" \/>\n<meta property=\"og:url\" content=\"https:\/\/orangedairy.com\/fr\/nos-capacites\/\" \/>\n<meta property=\"og:site_name\" content=\"Orange Dairy\" \/>\n<meta property=\"article:modified_time\" content=\"2023-08-27T10:29:18+00:00\" \/>\n<meta property=\"og:image\" content=\"https:\/\/orangedairy.com\/wp-content\/uploads\/2023\/04\/orange-dairy-our-capabilities.jpg\" \/>\n\t<meta property=\"og:image:width\" content=\"1200\" \/>\n\t<meta property=\"og:image:height\" content=\"540\" \/>\n\t<meta property=\"og:image:type\" content=\"image\/jpeg\" \/>\n<meta name=\"twitter:card\" content=\"summary_large_image\" \/>\n<script type=\"application\/ld+json\" class=\"yoast-schema-graph\">{\"@context\":\"https:\/\/schema.org\",\"@graph\":[{\"@type\":\"WebPage\",\"@id\":\"https:\/\/orangedairy.com\/fr\/nos-capacites\/\",\"url\":\"https:\/\/orangedairy.com\/fr\/nos-capacites\/\",\"name\":\"Nos Capacites - Orange Dairy\",\"isPartOf\":{\"@id\":\"https:\/\/orangedairy.com\/fr\/#website\"},\"datePublished\":\"2023-04-14T12:19:35+00:00\",\"dateModified\":\"2023-08-27T10:29:18+00:00\",\"description\":\"Orange Dairy is committed to high quality and excellence in everything we do. We insist on the very best processes and practices.\",\"breadcrumb\":{\"@id\":\"https:\/\/orangedairy.com\/fr\/nos-capacites\/#breadcrumb\"},\"inLanguage\":\"fr-FR\",\"potentialAction\":[{\"@type\":\"ReadAction\",\"target\":[\"https:\/\/orangedairy.com\/fr\/nos-capacites\/\"]}]},{\"@type\":\"BreadcrumbList\",\"@id\":\"https:\/\/orangedairy.com\/fr\/nos-capacites\/#breadcrumb\",\"itemListElement\":[{\"@type\":\"ListItem\",\"position\":1,\"name\":\"Home\",\"item\":\"https:\/\/orangedairy.com\/fr\/\"},{\"@type\":\"ListItem\",\"position\":2,\"name\":\"Nos Capacites\"}]},{\"@type\":\"WebSite\",\"@id\":\"https:\/\/orangedairy.com\/fr\/#website\",\"url\":\"https:\/\/orangedairy.com\/fr\/\",\"name\":\"Orange Dairy\",\"description\":\"Innovation in Nutrition\",\"publisher\":{\"@id\":\"https:\/\/orangedairy.com\/fr\/#organization\"},\"potentialAction\":[{\"@type\":\"SearchAction\",\"target\":{\"@type\":\"EntryPoint\",\"urlTemplate\":\"https:\/\/orangedairy.com\/fr\/?s={search_term_string}\"},\"query-input\":\"required name=search_term_string\"}],\"inLanguage\":\"fr-FR\"},{\"@type\":\"Organization\",\"@id\":\"https:\/\/orangedairy.com\/fr\/#organization\",\"name\":\"Orange Dairy\",\"url\":\"https:\/\/orangedairy.com\/fr\/\",\"logo\":{\"@type\":\"ImageObject\",\"inLanguage\":\"fr-FR\",\"@id\":\"https:\/\/orangedairy.com\/fr\/#\/schema\/logo\/image\/\",\"url\":\"https:\/\/orangedairy.com\/wp-content\/uploads\/2023\/04\/orange-dairy-favicon.png\",\"contentUrl\":\"https:\/\/orangedairy.com\/wp-content\/uploads\/2023\/04\/orange-dairy-favicon.png\",\"width\":600,\"height\":600,\"caption\":\"Orange Dairy\"},\"image\":{\"@id\":\"https:\/\/orangedairy.com\/fr\/#\/schema\/logo\/image\/\"}}]}<\/script>\n<!-- \/ Yoast SEO plugin. -->","yoast_head_json":{"title":"Nos Capacites - Orange Dairy","description":"Orange Dairy is committed to high quality and excellence in everything we do. We insist on the very best processes and practices.","robots":{"index":"index","follow":"follow","max-snippet":"max-snippet:-1","max-image-preview":"max-image-preview:large","max-video-preview":"max-video-preview:-1"},"canonical":"https:\/\/orangedairy.com\/fr\/nos-capacites\/","og_locale":"fr_FR","og_type":"article","og_title":"Nos Capacites - Orange Dairy","og_description":"Orange Dairy is committed to high quality and excellence in everything we do. We insist on the very best processes and practices.","og_url":"https:\/\/orangedairy.com\/fr\/nos-capacites\/","og_site_name":"Orange Dairy","article_modified_time":"2023-08-27T10:29:18+00:00","og_image":[{"width":1200,"height":540,"url":"https:\/\/orangedairy.com\/wp-content\/uploads\/2023\/04\/orange-dairy-our-capabilities.jpg","type":"image\/jpeg"}],"twitter_card":"summary_large_image","schema":{"@context":"https:\/\/schema.org","@graph":[{"@type":"WebPage","@id":"https:\/\/orangedairy.com\/fr\/nos-capacites\/","url":"https:\/\/orangedairy.com\/fr\/nos-capacites\/","name":"Nos Capacites - Orange Dairy","isPartOf":{"@id":"https:\/\/orangedairy.com\/fr\/#website"},"datePublished":"2023-04-14T12:19:35+00:00","dateModified":"2023-08-27T10:29:18+00:00","description":"Orange Dairy is committed to high quality and excellence in everything we do. We insist on the very best processes and practices.","breadcrumb":{"@id":"https:\/\/orangedairy.com\/fr\/nos-capacites\/#breadcrumb"},"inLanguage":"fr-FR","potentialAction":[{"@type":"ReadAction","target":["https:\/\/orangedairy.com\/fr\/nos-capacites\/"]}]},{"@type":"BreadcrumbList","@id":"https:\/\/orangedairy.com\/fr\/nos-capacites\/#breadcrumb","itemListElement":[{"@type":"ListItem","position":1,"name":"Home","item":"https:\/\/orangedairy.com\/fr\/"},{"@type":"ListItem","position":2,"name":"Nos Capacites"}]},{"@type":"WebSite","@id":"https:\/\/orangedairy.com\/fr\/#website","url":"https:\/\/orangedairy.com\/fr\/","name":"Orange Dairy","description":"Innovation in Nutrition","publisher":{"@id":"https:\/\/orangedairy.com\/fr\/#organization"},"potentialAction":[{"@type":"SearchAction","target":{"@type":"EntryPoint","urlTemplate":"https:\/\/orangedairy.com\/fr\/?s={search_term_string}"},"query-input":"required name=search_term_string"}],"inLanguage":"fr-FR"},{"@type":"Organization","@id":"https:\/\/orangedairy.com\/fr\/#organization","name":"Orange Dairy","url":"https:\/\/orangedairy.com\/fr\/","logo":{"@type":"ImageObject","inLanguage":"fr-FR","@id":"https:\/\/orangedairy.com\/fr\/#\/schema\/logo\/image\/","url":"https:\/\/orangedairy.com\/wp-content\/uploads\/2023\/04\/orange-dairy-favicon.png","contentUrl":"https:\/\/orangedairy.com\/wp-content\/uploads\/2023\/04\/orange-dairy-favicon.png","width":600,"height":600,"caption":"Orange Dairy"},"image":{"@id":"https:\/\/orangedairy.com\/fr\/#\/schema\/logo\/image\/"}}]}},"_links":{"self":[{"href":"https:\/\/orangedairy.com\/fr\/wp-json\/wp\/v2\/pages\/648"}],"collection":[{"href":"https:\/\/orangedairy.com\/fr\/wp-json\/wp\/v2\/pages"}],"about":[{"href":"https:\/\/orangedairy.com\/fr\/wp-json\/wp\/v2\/types\/page"}],"author":[{"embeddable":true,"href":"https:\/\/orangedairy.com\/fr\/wp-json\/wp\/v2\/users\/2"}],"replies":[{"embeddable":true,"href":"https:\/\/orangedairy.com\/fr\/wp-json\/wp\/v2\/comments?post=648"}],"version-history":[{"count":0,"href":"https:\/\/orangedairy.com\/fr\/wp-json\/wp\/v2\/pages\/648\/revisions"}],"wp:featuredmedia":[{"embeddable":true,"href":"https:\/\/orangedairy.com\/fr\/wp-json\/wp\/v2\/media\/416"}],"wp:attachment":[{"href":"https:\/\/orangedairy.com\/fr\/wp-json\/wp\/v2\/media?parent=648"}],"curies":[{"name":"wp","href":"https:\/\/api.w.org\/{rel}","templated":true}]}}