{"id":646,"date":"2023-04-14T13:08:18","date_gmt":"2023-04-14T12:08:18","guid":{"rendered":"https:\/\/orangedairy.com\/our-heritage\/"},"modified":"2023-08-17T13:53:17","modified_gmt":"2023-08-17T12:53:17","slug":"notre-heritage","status":"publish","type":"page","link":"https:\/\/orangedairy.com\/fr\/notre-heritage\/","title":{"rendered":"Notre Heritage"},"content":{"rendered":"<p><div class=\"fusion-fullwidth fullwidth-box fusion-builder-row-1 fusion-flex-container has-pattern-background has-mask-background nonhundred-percent-fullwidth non-hundred-percent-height-scrolling\" style=\"--awb-border-radius-top-left:0px;--awb-border-radius-top-right:0px;--awb-border-radius-bottom-right:0px;--awb-border-radius-bottom-left:0px;\" ><div class=\"fusion-builder-row fusion-row fusion-flex-align-items-flex-start fusion-flex-justify-content-center\" style=\"max-width:1248px;margin-left: calc(-4% \/ 2 );margin-right: calc(-4% \/ 2 );\"><div class=\"fusion-layout-column fusion_builder_column fusion-builder-column-0 fusion_builder_column_3_4 3_4 fusion-flex-column\" style=\"--awb-bg-size:cover;--awb-width-large:75%;--awb-margin-top-large:0px;--awb-spacing-right-large:2.56%;--awb-margin-bottom-large:30px;--awb-spacing-left-large:2.56%;--awb-width-medium:75%;--awb-order-medium:0;--awb-spacing-right-medium:2.56%;--awb-spacing-left-medium:2.56%;--awb-width-small:100%;--awb-order-small:0;--awb-spacing-right-small:1.92%;--awb-spacing-left-small:1.92%;\" data-motion-effects=\"[{&quot;type&quot;:&quot;&quot;,&quot;scroll_type&quot;:&quot;transition&quot;,&quot;scroll_direction&quot;:&quot;up&quot;,&quot;transition_speed&quot;:&quot;1&quot;,&quot;fade_type&quot;:&quot;in&quot;,&quot;scale_type&quot;:&quot;up&quot;,&quot;initial_scale&quot;:&quot;1&quot;,&quot;max_scale&quot;:&quot;1.5&quot;,&quot;min_scale&quot;:&quot;0.5&quot;,&quot;initial_rotate&quot;:&quot;0&quot;,&quot;end_rotate&quot;:&quot;30&quot;,&quot;initial_blur&quot;:&quot;0&quot;,&quot;end_blur&quot;:&quot;3&quot;,&quot;start_element&quot;:&quot;top&quot;,&quot;start_viewport&quot;:&quot;bottom&quot;,&quot;end_element&quot;:&quot;bottom&quot;,&quot;end_viewport&quot;:&quot;top&quot;,&quot;mouse_effect&quot;:&quot;track&quot;,&quot;mouse_effect_direction&quot;:&quot;opposite&quot;,&quot;mouse_effect_speed&quot;:&quot;2&quot;,&quot;infinite_animation&quot;:&quot;float&quot;,&quot;infinite_animation_speed&quot;:&quot;2&quot;}]\" data-scroll-devices=\"small-visibility,medium-visibility,large-visibility\"><div class=\"fusion-column-wrapper fusion-column-has-shadow fusion-flex-justify-content-flex-start fusion-content-layout-column\"><div class=\"fusion-title title fusion-title-1 fusion-sep-none fusion-title-center fusion-title-text fusion-title-size-one orange-txt\"><h1 class=\"title-heading-center\" style=\"margin:0;text-transform:uppercase;\"><strong>NOTRE H\u00c9RITAGE<\/strong><\/h1><\/div><div class=\"fusion-text fusion-text-1 md-text-align-left sm-text-align-left fusion-text-no-margin\" style=\"--awb-content-alignment:center;--awb-margin-bottom:40px;\"><p>Tel que le sugg\u00e8re son nom, la soci\u00e9t\u00e9 Orange Dairy a \u00e9t\u00e9 initialement cr\u00e9\u00e9e pour fournir des produits laitiers de qualit\u00e9 premium des Pays-Bas. Les produits laitiers n\u00e9erlandais occupent une position unique dans le monde avec une r\u00e9putation d&rsquo;expertise qui remonte au Moyen \u00c2ge. Ajoutez \u00e0 cela l&rsquo;h\u00e9ritage, certains des sols les plus fertiles, des pr\u00e9cipitations pr\u00e9visibles et les meilleurs p\u00e2turages d&rsquo;Europe et combinez-le avec la vache laiti\u00e8re la plus productive du monde, et vous obtenez une recette pour produire des produits laitiers sans rival.<\/p>\n<\/div><\/div><\/div><\/div><\/div><div class=\"fusion-fullwidth fullwidth-box fusion-builder-row-2 fusion-flex-container has-pattern-background has-mask-background hundred-percent-fullwidth non-hundred-percent-height-scrolling\" style=\"--awb-border-radius-top-left:0px;--awb-border-radius-top-right:0px;--awb-border-radius-bottom-right:0px;--awb-border-radius-bottom-left:0px;--awb-padding-right:0px;--awb-padding-left:0px;\" ><div class=\"fusion-builder-row fusion-row fusion-flex-align-items-center fusion-flex-justify-content-center\" style=\"width:calc( 100% + 0px ) !important;max-width:calc( 100% + 0px ) !important;margin-left: calc(-0px \/ 2 );margin-right: calc(-0px \/ 2 );\"><div class=\"fusion-layout-column fusion_builder_column fusion-builder-column-1 fusion_builder_column_1_1 1_1 fusion-flex-column\" style=\"--awb-bg-size:cover;--awb-width-large:100%;--awb-margin-top-large:0px;--awb-spacing-right-large:0;--awb-margin-bottom-large:20px;--awb-spacing-left-large:0;--awb-width-medium:100%;--awb-order-medium:0;--awb-spacing-right-medium:0;--awb-spacing-left-medium:0;--awb-width-small:100%;--awb-order-small:0;--awb-spacing-right-small:0;--awb-spacing-left-small:0;\"><div class=\"fusion-column-wrapper fusion-column-has-shadow fusion-flex-justify-content-flex-start fusion-content-layout-column\"><div class=\"fusion-image-before-after-wrapper fusion-image-before-after-horizontal type-before_after has-alignment align-center fusion-image-before-after-wrapper-1\" style=\"--awb-handle-color:var(--awb-color8);--awb-font-size:14px;--awb-bordersize:0px;--awb-handle-accent-color:rgba(128,128,128,1);--awb-handle-transparent-color:hsla(var(--awb-color8-h),var(--awb-color8-s),var(--awb-color8-l),calc(var(--awb-color8-a) - 40%));--awb-accent-color-bg:hsla(var(--awb-color1-h),var(--awb-color1-s),var(--awb-color1-l),calc(var(--awb-color1-a) - 85%));--awb-transition-time:0.5s;\"><div class=\"fusion-image-before-after-element fusion-image-before-after fusion-image-before-after-container fusion-image-before-after-1\" data-offset=\"0.5\" data-orientation=\"horizontal\" data-move-with-handle-only=\"true\" data-click-to-move=\"true\"><img decoding=\"async\" class=\"fusion-image-before-after-before\" src=\"https:\/\/orangedairy.com\/wp-content\/uploads\/2023\/08\/old-FR.png\" width=\"1200\" height=\"357\"><img decoding=\"async\" class=\"fusion-image-before-after-after\" src=\"https:\/\/orangedairy.com\/wp-content\/uploads\/2023\/08\/new-FR.png\" width=\"1200\" height=\"357\"><div class=\"fusion-image-before-after-handle fusion-image-before-after-handle-circle\"><span class=\"fusion-image-before-after-left-arrow\"><\/span><span class=\"fusion-image-before-after-right-arrow\"><\/span><\/div><\/div><\/div><\/div><\/div><\/div><\/div><div class=\"fusion-fullwidth fullwidth-box fusion-builder-row-3 fusion-flex-container has-pattern-background has-mask-background nonhundred-percent-fullwidth non-hundred-percent-height-scrolling\" style=\"--awb-border-radius-top-left:0px;--awb-border-radius-top-right:0px;--awb-border-radius-bottom-right:0px;--awb-border-radius-bottom-left:0px;--awb-margin-top:30px;--awb-margin-bottom:20px;\" ><div class=\"fusion-builder-row fusion-row fusion-flex-align-items-flex-start fusion-flex-justify-content-center\" style=\"max-width:1248px;margin-left: calc(-4% \/ 2 );margin-right: calc(-4% \/ 2 );\"><div class=\"fusion-layout-column fusion_builder_column fusion-builder-column-2 fusion_builder_column_3_4 3_4 fusion-flex-column\" style=\"--awb-bg-size:cover;--awb-width-large:75%;--awb-margin-top-large:0px;--awb-spacing-right-large:2.56%;--awb-margin-bottom-large:0px;--awb-spacing-left-large:2.56%;--awb-width-medium:75%;--awb-order-medium:0;--awb-spacing-right-medium:2.56%;--awb-spacing-left-medium:2.56%;--awb-width-small:100%;--awb-order-small:0;--awb-spacing-right-small:1.92%;--awb-spacing-left-small:1.92%;\" data-motion-effects=\"[{&quot;type&quot;:&quot;&quot;,&quot;scroll_type&quot;:&quot;transition&quot;,&quot;scroll_direction&quot;:&quot;up&quot;,&quot;transition_speed&quot;:&quot;1&quot;,&quot;fade_type&quot;:&quot;in&quot;,&quot;scale_type&quot;:&quot;up&quot;,&quot;initial_scale&quot;:&quot;1&quot;,&quot;max_scale&quot;:&quot;1.5&quot;,&quot;min_scale&quot;:&quot;0.5&quot;,&quot;initial_rotate&quot;:&quot;0&quot;,&quot;end_rotate&quot;:&quot;30&quot;,&quot;initial_blur&quot;:&quot;0&quot;,&quot;end_blur&quot;:&quot;3&quot;,&quot;start_element&quot;:&quot;top&quot;,&quot;start_viewport&quot;:&quot;bottom&quot;,&quot;end_element&quot;:&quot;bottom&quot;,&quot;end_viewport&quot;:&quot;top&quot;,&quot;mouse_effect&quot;:&quot;track&quot;,&quot;mouse_effect_direction&quot;:&quot;opposite&quot;,&quot;mouse_effect_speed&quot;:&quot;2&quot;,&quot;infinite_animation&quot;:&quot;float&quot;,&quot;infinite_animation_speed&quot;:&quot;2&quot;}]\" data-scroll-devices=\"small-visibility,medium-visibility,large-visibility\"><div class=\"fusion-column-wrapper fusion-column-has-shadow fusion-flex-justify-content-flex-start fusion-content-layout-column\"><div class=\"fusion-text fusion-text-2 sm-text-align-left fusion-text-no-margin\" style=\"--awb-content-alignment:center;--awb-margin-bottom:40px;\"><p>Un de ces produits, le fromage Mimolette, a \u00e9t\u00e9 l&rsquo;inspiration pour le nom de l&rsquo;entreprise. Fabriqu\u00e9 \u00e0 l&rsquo;origine en Hollande, ce fromage dur et cassant au go\u00fbt de noisette et \u00e0 la couleur orange distinctive, est l&rsquo;\u00e9pitome de l&rsquo;art du fromager n\u00e9erlandais. Gr\u00e2ce au COKZ, le principal organisme d&rsquo;assurance qualit\u00e9 du secteur laitier, les Pays-Bas maintiennent certains des standards les plus \u00e9lev\u00e9s au monde, et sont la source non seulement de produits laitiers de qualit\u00e9 premium, mais aussi de laits de formule pour nourrissons dont les parents et les professionnels de la sant\u00e9 du monde entier d\u00e9pendent.<\/p>\n<\/div><\/div><\/div><\/div><\/div><div class=\"fusion-fullwidth fullwidth-box fusion-builder-row-4 fusion-flex-container has-pattern-background has-mask-background hundred-percent-fullwidth non-hundred-percent-height-scrolling\" style=\"--awb-border-radius-top-left:0px;--awb-border-radius-top-right:0px;--awb-border-radius-bottom-right:0px;--awb-border-radius-bottom-left:0px;--awb-padding-right:0px;--awb-padding-left:0px;--awb-background-image:linear-gradient(180deg, var(--awb-color8) 50%,var(--awb-color2) 50%);\" ><div class=\"fusion-builder-row fusion-row fusion-flex-align-items-center fusion-flex-justify-content-center\" style=\"width:calc( 100% + 0px ) !important;max-width:calc( 100% + 0px ) !important;margin-left: calc(-0px \/ 2 );margin-right: calc(-0px \/ 2 );\"><div class=\"fusion-layout-column fusion_builder_column fusion-builder-column-3 fusion_builder_column_1_1 1_1 fusion-flex-column fusion-flex-align-self-flex-start\" style=\"--awb-bg-size:cover;--awb-width-large:100%;--awb-margin-top-large:0px;--awb-spacing-right-large:0;--awb-margin-bottom-large:0px;--awb-spacing-left-large:0;--awb-width-medium:100%;--awb-order-medium:0;--awb-spacing-right-medium:0;--awb-spacing-left-medium:0;--awb-width-small:100%;--awb-order-small:0;--awb-spacing-right-small:0;--awb-spacing-left-small:0;\" data-motion-effects=\"[{&quot;type&quot;:&quot;&quot;,&quot;scroll_type&quot;:&quot;transition&quot;,&quot;scroll_direction&quot;:&quot;up&quot;,&quot;transition_speed&quot;:&quot;1&quot;,&quot;fade_type&quot;:&quot;in&quot;,&quot;scale_type&quot;:&quot;up&quot;,&quot;initial_scale&quot;:&quot;1&quot;,&quot;max_scale&quot;:&quot;1.5&quot;,&quot;min_scale&quot;:&quot;0.5&quot;,&quot;initial_rotate&quot;:&quot;0&quot;,&quot;end_rotate&quot;:&quot;30&quot;,&quot;initial_blur&quot;:&quot;0&quot;,&quot;end_blur&quot;:&quot;3&quot;,&quot;start_element&quot;:&quot;top&quot;,&quot;start_viewport&quot;:&quot;bottom&quot;,&quot;end_element&quot;:&quot;bottom&quot;,&quot;end_viewport&quot;:&quot;top&quot;,&quot;mouse_effect&quot;:&quot;track&quot;,&quot;mouse_effect_direction&quot;:&quot;opposite&quot;,&quot;mouse_effect_speed&quot;:&quot;2&quot;,&quot;infinite_animation&quot;:&quot;float&quot;,&quot;infinite_animation_speed&quot;:&quot;2&quot;}]\" data-scroll-devices=\"small-visibility,medium-visibility,large-visibility\"><div class=\"fusion-column-wrapper fusion-column-has-shadow fusion-flex-justify-content-flex-start fusion-content-layout-column\"><div class=\"fusion-image-element \" style=\"text-align:center;--awb-mask-url: url(http:\/\/orangedairy.com\/wp-content\/uploads\/2023\/04\/orange-dairy-mask.svg);--awb-caption-title-font-family:var(--h2_typography-font-family);--awb-caption-title-font-weight:var(--h2_typography-font-weight);--awb-caption-title-font-style:var(--h2_typography-font-style);--awb-caption-title-size:var(--h2_typography-font-size);--awb-caption-title-transform:var(--h2_typography-text-transform);--awb-caption-title-line-height:var(--h2_typography-line-height);--awb-caption-title-letter-spacing:var(--h2_typography-letter-spacing);\"><span class=\" fusion-imageframe imageframe-none imageframe-1 hover-type-none has-mask\" class=\"image-magnify\" class=\"image-scroll\"><img decoding=\"async\" width=\"1200\" height=\"771\" title=\"rough-og-inner-0\" src=\"http:\/\/orangedairy.com\/wp-content\/uploads\/2023\/04\/rough-og-inner-0.jpg\" alt class=\"img-responsive wp-image-371\" srcset=\"https:\/\/orangedairy.com\/wp-content\/uploads\/2023\/04\/rough-og-inner-0-200x129.jpg 200w, https:\/\/orangedairy.com\/wp-content\/uploads\/2023\/04\/rough-og-inner-0-400x257.jpg 400w, https:\/\/orangedairy.com\/wp-content\/uploads\/2023\/04\/rough-og-inner-0-600x386.jpg 600w, https:\/\/orangedairy.com\/wp-content\/uploads\/2023\/04\/rough-og-inner-0-800x514.jpg 800w, https:\/\/orangedairy.com\/wp-content\/uploads\/2023\/04\/rough-og-inner-0.jpg 1200w\" sizes=\"(max-width: 800px) 100vw, 1200px\" \/><\/span><\/div><\/div><\/div><\/div><\/div><div class=\"fusion-fullwidth fullwidth-box fusion-builder-row-5 fusion-flex-container has-pattern-background has-mask-background hundred-percent-fullwidth non-hundred-percent-height-scrolling\" style=\"--awb-border-radius-top-left:0px;--awb-border-radius-top-right:0px;--awb-border-radius-bottom-right:0px;--awb-border-radius-bottom-left:0px;--awb-padding-right:0px;--awb-padding-left:0px;--awb-margin-top:0px;--awb-margin-bottom:0px;--awb-background-color:var(--awb-color2);\" ><div class=\"fusion-builder-row fusion-row fusion-flex-align-items-center fusion-flex-justify-content-center\" style=\"width:calc( 100% + 0px ) !important;max-width:calc( 100% + 0px ) !important;margin-left: calc(-0px \/ 2 );margin-right: calc(-0px \/ 2 );\"><div class=\"fusion-layout-column fusion_builder_column fusion-builder-column-4 fusion_builder_column_3_4 3_4 fusion-flex-column\" style=\"--awb-padding-right:20px;--awb-padding-left:20px;--awb-padding-right-small:20px;--awb-padding-left-small:20px;--awb-bg-size:cover;--awb-width-large:75%;--awb-margin-top-large:35px;--awb-spacing-right-large:0;--awb-margin-bottom-large:40px;--awb-spacing-left-large:0;--awb-width-medium:75%;--awb-order-medium:0;--awb-spacing-right-medium:0;--awb-spacing-left-medium:0;--awb-width-small:100%;--awb-order-small:0;--awb-spacing-right-small:0;--awb-spacing-left-small:0;\" data-motion-effects=\"[{&quot;type&quot;:&quot;&quot;,&quot;scroll_type&quot;:&quot;transition&quot;,&quot;scroll_direction&quot;:&quot;up&quot;,&quot;transition_speed&quot;:&quot;1&quot;,&quot;fade_type&quot;:&quot;in&quot;,&quot;scale_type&quot;:&quot;up&quot;,&quot;initial_scale&quot;:&quot;1&quot;,&quot;max_scale&quot;:&quot;1.5&quot;,&quot;min_scale&quot;:&quot;0.5&quot;,&quot;initial_rotate&quot;:&quot;0&quot;,&quot;end_rotate&quot;:&quot;30&quot;,&quot;initial_blur&quot;:&quot;0&quot;,&quot;end_blur&quot;:&quot;3&quot;,&quot;start_element&quot;:&quot;top&quot;,&quot;start_viewport&quot;:&quot;bottom&quot;,&quot;end_element&quot;:&quot;bottom&quot;,&quot;end_viewport&quot;:&quot;top&quot;,&quot;mouse_effect&quot;:&quot;track&quot;,&quot;mouse_effect_direction&quot;:&quot;opposite&quot;,&quot;mouse_effect_speed&quot;:&quot;2&quot;,&quot;infinite_animation&quot;:&quot;float&quot;,&quot;infinite_animation_speed&quot;:&quot;2&quot;}]\" data-scroll-devices=\"small-visibility,medium-visibility,large-visibility\"><div class=\"fusion-column-wrapper fusion-column-has-shadow fusion-flex-justify-content-flex-start fusion-content-layout-column\"><div class=\"fusion-text fusion-text-3\" style=\"--awb-content-alignment:center;--awb-text-color:var(--awb-color8);\"><p>Pouss\u00e9 par sa passion pour la qualit\u00e9 et l&rsquo;excellence, Orange Dairy a \u00e9volu\u00e9, tout d&rsquo;abord pour inclure des formules nutritionnelles parmi ses produits, puis, s&rsquo;appuyant sur ce succ\u00e8s, pour se sp\u00e9cialiser totalement dans le d\u00e9veloppement et la fabrication de solutions innovantes qui r\u00e9pondent aux besoins nutritionnels des personnes quel que soit leur \u00e2ge.<\/p>\n<\/div><\/div><\/div><\/div><\/div><\/p>\n","protected":false},"excerpt":{"rendered":"","protected":false},"author":2,"featured_media":419,"parent":0,"menu_order":1,"comment_status":"closed","ping_status":"closed","template":"100-width.php","meta":{"footnotes":""},"class_list":["post-646","page","type-page","status-publish","has-post-thumbnail","hentry"],"yoast_head":"<!-- This site is optimized with the Yoast SEO plugin v20.12 - https:\/\/yoast.com\/wordpress\/plugins\/seo\/ -->\n<title>Notre Heritage - Orange Dairy<\/title>\n<meta name=\"description\" content=\"The Orange Dairy company was originally created to supply premium quality dairy products from the Netherlands.\" \/>\n<meta name=\"robots\" content=\"index, follow, max-snippet:-1, max-image-preview:large, max-video-preview:-1\" \/>\n<link rel=\"canonical\" href=\"https:\/\/orangedairy.com\/fr\/notre-heritage\/\" \/>\n<meta property=\"og:locale\" content=\"fr_FR\" \/>\n<meta property=\"og:type\" content=\"article\" \/>\n<meta property=\"og:title\" content=\"Notre Heritage - Orange Dairy\" \/>\n<meta property=\"og:description\" content=\"The Orange Dairy company was originally created to supply premium quality dairy products from the Netherlands.\" \/>\n<meta property=\"og:url\" content=\"https:\/\/orangedairy.com\/fr\/notre-heritage\/\" \/>\n<meta property=\"og:site_name\" content=\"Orange Dairy\" \/>\n<meta property=\"article:modified_time\" content=\"2023-08-17T12:53:17+00:00\" \/>\n<meta property=\"og:image\" content=\"https:\/\/orangedairy.com\/wp-content\/uploads\/2023\/04\/orange-dairy-our-heritage.jpg\" \/>\n\t<meta property=\"og:image:width\" content=\"1200\" \/>\n\t<meta property=\"og:image:height\" content=\"540\" \/>\n\t<meta property=\"og:image:type\" content=\"image\/jpeg\" \/>\n<meta name=\"twitter:card\" content=\"summary_large_image\" \/>\n<script type=\"application\/ld+json\" class=\"yoast-schema-graph\">{\"@context\":\"https:\/\/schema.org\",\"@graph\":[{\"@type\":\"WebPage\",\"@id\":\"https:\/\/orangedairy.com\/fr\/notre-heritage\/\",\"url\":\"https:\/\/orangedairy.com\/fr\/notre-heritage\/\",\"name\":\"Notre Heritage - Orange Dairy\",\"isPartOf\":{\"@id\":\"https:\/\/orangedairy.com\/fr\/#website\"},\"datePublished\":\"2023-04-14T12:08:18+00:00\",\"dateModified\":\"2023-08-17T12:53:17+00:00\",\"description\":\"The Orange Dairy company was originally created to supply premium quality dairy products from the Netherlands.\",\"breadcrumb\":{\"@id\":\"https:\/\/orangedairy.com\/fr\/notre-heritage\/#breadcrumb\"},\"inLanguage\":\"fr-FR\",\"potentialAction\":[{\"@type\":\"ReadAction\",\"target\":[\"https:\/\/orangedairy.com\/fr\/notre-heritage\/\"]}]},{\"@type\":\"BreadcrumbList\",\"@id\":\"https:\/\/orangedairy.com\/fr\/notre-heritage\/#breadcrumb\",\"itemListElement\":[{\"@type\":\"ListItem\",\"position\":1,\"name\":\"Home\",\"item\":\"https:\/\/orangedairy.com\/fr\/\"},{\"@type\":\"ListItem\",\"position\":2,\"name\":\"Notre Heritage\"}]},{\"@type\":\"WebSite\",\"@id\":\"https:\/\/orangedairy.com\/fr\/#website\",\"url\":\"https:\/\/orangedairy.com\/fr\/\",\"name\":\"Orange Dairy\",\"description\":\"Innovation in Nutrition\",\"publisher\":{\"@id\":\"https:\/\/orangedairy.com\/fr\/#organization\"},\"potentialAction\":[{\"@type\":\"SearchAction\",\"target\":{\"@type\":\"EntryPoint\",\"urlTemplate\":\"https:\/\/orangedairy.com\/fr\/?s={search_term_string}\"},\"query-input\":\"required name=search_term_string\"}],\"inLanguage\":\"fr-FR\"},{\"@type\":\"Organization\",\"@id\":\"https:\/\/orangedairy.com\/fr\/#organization\",\"name\":\"Orange Dairy\",\"url\":\"https:\/\/orangedairy.com\/fr\/\",\"logo\":{\"@type\":\"ImageObject\",\"inLanguage\":\"fr-FR\",\"@id\":\"https:\/\/orangedairy.com\/fr\/#\/schema\/logo\/image\/\",\"url\":\"https:\/\/orangedairy.com\/wp-content\/uploads\/2023\/04\/orange-dairy-favicon.png\",\"contentUrl\":\"https:\/\/orangedairy.com\/wp-content\/uploads\/2023\/04\/orange-dairy-favicon.png\",\"width\":600,\"height\":600,\"caption\":\"Orange Dairy\"},\"image\":{\"@id\":\"https:\/\/orangedairy.com\/fr\/#\/schema\/logo\/image\/\"}}]}<\/script>\n<!-- \/ Yoast SEO plugin. -->","yoast_head_json":{"title":"Notre Heritage - Orange Dairy","description":"The Orange Dairy company was originally created to supply premium quality dairy products from the Netherlands.","robots":{"index":"index","follow":"follow","max-snippet":"max-snippet:-1","max-image-preview":"max-image-preview:large","max-video-preview":"max-video-preview:-1"},"canonical":"https:\/\/orangedairy.com\/fr\/notre-heritage\/","og_locale":"fr_FR","og_type":"article","og_title":"Notre Heritage - Orange Dairy","og_description":"The Orange Dairy company was originally created to supply premium quality dairy products from the Netherlands.","og_url":"https:\/\/orangedairy.com\/fr\/notre-heritage\/","og_site_name":"Orange Dairy","article_modified_time":"2023-08-17T12:53:17+00:00","og_image":[{"width":1200,"height":540,"url":"https:\/\/orangedairy.com\/wp-content\/uploads\/2023\/04\/orange-dairy-our-heritage.jpg","type":"image\/jpeg"}],"twitter_card":"summary_large_image","schema":{"@context":"https:\/\/schema.org","@graph":[{"@type":"WebPage","@id":"https:\/\/orangedairy.com\/fr\/notre-heritage\/","url":"https:\/\/orangedairy.com\/fr\/notre-heritage\/","name":"Notre Heritage - Orange Dairy","isPartOf":{"@id":"https:\/\/orangedairy.com\/fr\/#website"},"datePublished":"2023-04-14T12:08:18+00:00","dateModified":"2023-08-17T12:53:17+00:00","description":"The Orange Dairy company was originally created to supply premium quality dairy products from the Netherlands.","breadcrumb":{"@id":"https:\/\/orangedairy.com\/fr\/notre-heritage\/#breadcrumb"},"inLanguage":"fr-FR","potentialAction":[{"@type":"ReadAction","target":["https:\/\/orangedairy.com\/fr\/notre-heritage\/"]}]},{"@type":"BreadcrumbList","@id":"https:\/\/orangedairy.com\/fr\/notre-heritage\/#breadcrumb","itemListElement":[{"@type":"ListItem","position":1,"name":"Home","item":"https:\/\/orangedairy.com\/fr\/"},{"@type":"ListItem","position":2,"name":"Notre Heritage"}]},{"@type":"WebSite","@id":"https:\/\/orangedairy.com\/fr\/#website","url":"https:\/\/orangedairy.com\/fr\/","name":"Orange Dairy","description":"Innovation in Nutrition","publisher":{"@id":"https:\/\/orangedairy.com\/fr\/#organization"},"potentialAction":[{"@type":"SearchAction","target":{"@type":"EntryPoint","urlTemplate":"https:\/\/orangedairy.com\/fr\/?s={search_term_string}"},"query-input":"required name=search_term_string"}],"inLanguage":"fr-FR"},{"@type":"Organization","@id":"https:\/\/orangedairy.com\/fr\/#organization","name":"Orange Dairy","url":"https:\/\/orangedairy.com\/fr\/","logo":{"@type":"ImageObject","inLanguage":"fr-FR","@id":"https:\/\/orangedairy.com\/fr\/#\/schema\/logo\/image\/","url":"https:\/\/orangedairy.com\/wp-content\/uploads\/2023\/04\/orange-dairy-favicon.png","contentUrl":"https:\/\/orangedairy.com\/wp-content\/uploads\/2023\/04\/orange-dairy-favicon.png","width":600,"height":600,"caption":"Orange Dairy"},"image":{"@id":"https:\/\/orangedairy.com\/fr\/#\/schema\/logo\/image\/"}}]}},"_links":{"self":[{"href":"https:\/\/orangedairy.com\/fr\/wp-json\/wp\/v2\/pages\/646"}],"collection":[{"href":"https:\/\/orangedairy.com\/fr\/wp-json\/wp\/v2\/pages"}],"about":[{"href":"https:\/\/orangedairy.com\/fr\/wp-json\/wp\/v2\/types\/page"}],"author":[{"embeddable":true,"href":"https:\/\/orangedairy.com\/fr\/wp-json\/wp\/v2\/users\/2"}],"replies":[{"embeddable":true,"href":"https:\/\/orangedairy.com\/fr\/wp-json\/wp\/v2\/comments?post=646"}],"version-history":[{"count":0,"href":"https:\/\/orangedairy.com\/fr\/wp-json\/wp\/v2\/pages\/646\/revisions"}],"wp:featuredmedia":[{"embeddable":true,"href":"https:\/\/orangedairy.com\/fr\/wp-json\/wp\/v2\/media\/419"}],"wp:attachment":[{"href":"https:\/\/orangedairy.com\/fr\/wp-json\/wp\/v2\/media?parent=646"}],"curies":[{"name":"wp","href":"https:\/\/api.w.org\/{rel}","templated":true}]}}