{"id":1105,"date":"2023-08-14T09:36:19","date_gmt":"2023-08-14T08:36:19","guid":{"rendered":"https:\/\/orangedairy.com\/mimolette\/"},"modified":"2023-08-27T08:11:12","modified_gmt":"2023-08-27T07:11:12","slug":"fromage-mimolette","status":"publish","type":"page","link":"https:\/\/orangedairy.com\/fr\/fromage-mimolette\/","title":{"rendered":"Fromage mimolette"},"content":{"rendered":"<p><div class=\"fusion-fullwidth fullwidth-box fusion-builder-row-1 fusion-flex-container has-pattern-background has-mask-background od-sticky-sidebar od-sticky-sidebar-orange hundred-percent-fullwidth non-hundred-percent-height-scrolling fusion-sticky-container fusion-absolute-container fusion-absolute-position-large\" style=\"--awb-border-radius-top-left:0px;--awb-border-radius-top-right:0px;--awb-border-radius-bottom-right:0px;--awb-border-radius-bottom-left:0px;\" data-transition-offset=\"0\" data-scroll-offset=\"0\" data-sticky-large-visibility=\"1\" ><div class=\"fusion-builder-row fusion-row fusion-flex-align-items-flex-start\" style=\"width:104% !important;max-width:104% !important;margin-left: calc(-4% \/ 2 );margin-right: calc(-4% \/ 2 );\"><div class=\"fusion-layout-column fusion_builder_column fusion-builder-column-0 fusion_builder_column_1_1 1_1 fusion-flex-column\" style=\"--awb-bg-size:cover;--awb-width-large:100%;--awb-margin-top-large:0px;--awb-spacing-right-large:1.92%;--awb-margin-bottom-large:20px;--awb-spacing-left-large:1.92%;--awb-width-medium:100%;--awb-order-medium:0;--awb-spacing-right-medium:1.92%;--awb-spacing-left-medium:1.92%;--awb-width-small:100%;--awb-order-small:0;--awb-spacing-right-small:1.92%;--awb-spacing-left-small:1.92%;\"><div class=\"fusion-column-wrapper fusion-column-has-shadow fusion-flex-justify-content-flex-start fusion-content-layout-column\"><div class=\"fusion-widget-area awb-widget-area-element fusion-widget-area-1 fusion-content-widget-area\" style=\"--awb-title-color:var(--awb-color8);--awb-padding:0px 0px 0px 0px;\"><style type=\"text\/css\" data-id=\"avada-vertical-menu-widget-2\">#avada-vertical-menu-widget-2 > ul.menu { margin-top: -8px; }<\/style><div id=\"avada-vertical-menu-widget-2\" class=\"widget avada_vertical_menu\" style=\"border-style: solid;border-color:transparent;border-width:0px;\"><style>#fusion-vertical-menu-widget-avada-vertical-menu-widget-2-nav ul.menu li a {font-size:14px;}<\/style><nav id=\"fusion-vertical-menu-widget-avada-vertical-menu-widget-2-nav\" class=\"fusion-vertical-menu-widget fusion-menu hover right no-border\" aria-label=\"Secondary Navigation: \"><ul id=\"menu-od-products-menu\" class=\"menu\"><li id=\"menu-item-97\" class=\"menu-item menu-item-type-post_type menu-item-object-page menu-item-97\"><a href=\"https:\/\/orangedairy.com\/our-product-range\/\"><span class=\"arrow\"><\/span><span class=\"link-text\"> Nos Produits<\/span><\/a><\/li><li id=\"menu-item-98\" class=\"menu-item menu-item-type-post_type menu-item-object-page menu-item-98\"><a href=\"https:\/\/orangedairy.com\/the-isilac-range\/\"><span class=\"arrow\"><\/span><span class=\"link-text\"> Isilac<\/span><\/a><\/li><li id=\"menu-item-988\" class=\"menu-item menu-item-type-post_type menu-item-object-page menu-item-988\"><a href=\"https:\/\/orangedairy.com\/isimilk\/\"><span class=\"arrow\"><\/span><span class=\"link-text\"> Isimilk<\/span><\/a><\/li><li id=\"menu-item-930\" class=\"menu-item menu-item-type-post_type menu-item-object-page menu-item-930\"><a href=\"https:\/\/orangedairy.com\/mimolette\/\"><span class=\"arrow\"><\/span><span class=\"link-text\"> Fromage mimolette<\/span><\/a><\/li><li id=\"menu-item-1301\" class=\"menu-item menu-item-type-post_type menu-item-object-page menu-item-1301\"><a href=\"https:\/\/orangedairy.com\/lactose-free\/\"><span class=\"arrow\"><\/span><span class=\"link-text\"> Lactose Free<\/span><\/a><\/li><li id=\"menu-item-1248\" class=\"menu-item menu-item-type-post_type menu-item-object-page menu-item-1248\"><a href=\"https:\/\/orangedairy.com\/isilac-premature\/\"><span class=\"arrow\"><\/span><span class=\"link-text\"> High Caloric preterm<\/span><\/a><\/li><\/ul><\/nav><\/div><div class=\"fusion-additional-widget-content\"><\/div><\/div><\/div><\/div><\/div><\/div><div class=\"fusion-fullwidth fullwidth-box fusion-builder-row-2 fusion-flex-container has-pattern-background has-mask-background od-content-with-sidebar hundred-percent-fullwidth non-hundred-percent-height-scrolling\" style=\"--awb-border-radius-top-left:0px;--awb-border-radius-top-right:0px;--awb-border-radius-bottom-right:0px;--awb-border-radius-bottom-left:0px;--awb-padding-left:200px;--awb-margin-bottom:40px;\" ><div class=\"fusion-builder-row fusion-row fusion-flex-align-items-flex-start\" style=\"width:104% !important;max-width:104% !important;margin-left: calc(-4% \/ 2 );margin-right: calc(-4% \/ 2 );\"><div class=\"fusion-layout-column fusion_builder_column fusion-builder-column-1 fusion_builder_column_1_1 1_1 fusion-flex-column\" style=\"--awb-bg-size:cover;--awb-width-large:100%;--awb-margin-top-large:0px;--awb-spacing-right-large:1.92%;--awb-margin-bottom-large:40px;--awb-spacing-left-large:1.92%;--awb-width-medium:100%;--awb-order-medium:0;--awb-spacing-right-medium:1.92%;--awb-margin-bottom-medium:0px;--awb-spacing-left-medium:1.92%;--awb-width-small:100%;--awb-order-small:0;--awb-margin-top-small:125px;--awb-spacing-right-small:0px;--awb-spacing-left-small:1.92%;\" data-motion-effects=\"[{&quot;type&quot;:&quot;&quot;,&quot;scroll_type&quot;:&quot;transition&quot;,&quot;scroll_direction&quot;:&quot;up&quot;,&quot;transition_speed&quot;:&quot;1&quot;,&quot;fade_type&quot;:&quot;in&quot;,&quot;scale_type&quot;:&quot;up&quot;,&quot;initial_scale&quot;:&quot;1&quot;,&quot;max_scale&quot;:&quot;1.5&quot;,&quot;min_scale&quot;:&quot;0.5&quot;,&quot;initial_rotate&quot;:&quot;0&quot;,&quot;end_rotate&quot;:&quot;30&quot;,&quot;initial_blur&quot;:&quot;0&quot;,&quot;end_blur&quot;:&quot;3&quot;,&quot;start_element&quot;:&quot;top&quot;,&quot;start_viewport&quot;:&quot;bottom&quot;,&quot;end_element&quot;:&quot;bottom&quot;,&quot;end_viewport&quot;:&quot;top&quot;,&quot;mouse_effect&quot;:&quot;track&quot;,&quot;mouse_effect_direction&quot;:&quot;opposite&quot;,&quot;mouse_effect_speed&quot;:&quot;2&quot;,&quot;infinite_animation&quot;:&quot;float&quot;,&quot;infinite_animation_speed&quot;:&quot;2&quot;}]\" data-scroll-devices=\"small-visibility,medium-visibility,large-visibility\"><div class=\"fusion-column-wrapper fusion-column-has-shadow fusion-flex-justify-content-flex-start fusion-content-layout-column\"><div class=\"fusion-title title fusion-title-1 fusion-sep-none fusion-title-text fusion-title-size-one\" style=\"--awb-text-color:var(--awb-color1);\"><h1 class=\"title-heading-left\" style=\"margin:0;text-transform:capitalize;\">Fromage mimolette<\/h1><\/div><div class=\"fusion-text fusion-text-1\" style=\"--awb-content-alignment:left;\"><p>Il est produit \u00e0 partir de lait de premi\u00e8re qualit\u00e9, fa\u00e7onn\u00e9 en boules de 3 kg et vieilli jusqu&rsquo;\u00e0 24 mois. Le r\u00e9sultat est un fromage au d\u00e9licieux go\u00fbt de noisette. La mimolette est en concurrence avec les fromages hollandais comme le Gouda et l&rsquo;Edam et a gagn\u00e9 en popularit\u00e9 au fil du temps. Le go\u00fbt et la texture du fromage \u00e9voluent au fur et \u00e0 mesure qu&rsquo;il vieillit, ce qui en fait une tradition unique et appr\u00e9ci\u00e9e.<\/p>\n<\/div><\/div><\/div><\/div><\/div><div class=\"fusion-fullwidth fullwidth-box fusion-builder-row-3 fusion-flex-container has-pattern-background has-mask-background nonhundred-percent-fullwidth non-hundred-percent-height-scrolling\" style=\"--awb-border-radius-top-left:0px;--awb-border-radius-top-right:0px;--awb-border-radius-bottom-right:0px;--awb-border-radius-bottom-left:0px;\" ><div class=\"fusion-builder-row fusion-row fusion-flex-align-items-center fusion-flex-justify-content-center\" style=\"max-width:1248px;margin-left: calc(-4% \/ 2 );margin-right: calc(-4% \/ 2 );\"><div class=\"fusion-layout-column fusion_builder_column fusion-builder-column-2 fusion_builder_column_1_3 1_3 fusion-flex-column orange-dairy-isilac-product\" style=\"--awb-bg-size:cover;--awb-width-large:33.333333333333%;--awb-margin-top-large:0px;--awb-spacing-right-large:5.76%;--awb-margin-bottom-large:20px;--awb-spacing-left-large:5.76%;--awb-width-medium:33.333333333333%;--awb-order-medium:0;--awb-spacing-right-medium:5.76%;--awb-spacing-left-medium:5.76%;--awb-width-small:100%;--awb-order-small:0;--awb-spacing-right-small:1.92%;--awb-spacing-left-small:1.92%;\" data-motion-effects=\"[{&quot;type&quot;:&quot;&quot;,&quot;scroll_type&quot;:&quot;transition&quot;,&quot;scroll_direction&quot;:&quot;up&quot;,&quot;transition_speed&quot;:&quot;1&quot;,&quot;fade_type&quot;:&quot;in&quot;,&quot;scale_type&quot;:&quot;up&quot;,&quot;initial_scale&quot;:&quot;1&quot;,&quot;max_scale&quot;:&quot;1.5&quot;,&quot;min_scale&quot;:&quot;0.5&quot;,&quot;initial_rotate&quot;:&quot;0&quot;,&quot;end_rotate&quot;:&quot;30&quot;,&quot;initial_blur&quot;:&quot;0&quot;,&quot;end_blur&quot;:&quot;3&quot;,&quot;start_element&quot;:&quot;top&quot;,&quot;start_viewport&quot;:&quot;bottom&quot;,&quot;end_element&quot;:&quot;bottom&quot;,&quot;end_viewport&quot;:&quot;top&quot;,&quot;mouse_effect&quot;:&quot;track&quot;,&quot;mouse_effect_direction&quot;:&quot;opposite&quot;,&quot;mouse_effect_speed&quot;:&quot;2&quot;,&quot;infinite_animation&quot;:&quot;float&quot;,&quot;infinite_animation_speed&quot;:&quot;2&quot;}]\" data-scroll-devices=\"small-visibility,medium-visibility,large-visibility\"><div class=\"fusion-column-wrapper fusion-column-has-shadow fusion-flex-justify-content-flex-start fusion-content-layout-column\"><div class=\"fusion-image-element \" style=\"text-align:center;--awb-caption-title-font-family:var(--h2_typography-font-family);--awb-caption-title-font-weight:var(--h2_typography-font-weight);--awb-caption-title-font-style:var(--h2_typography-font-style);--awb-caption-title-size:var(--h2_typography-font-size);--awb-caption-title-transform:var(--h2_typography-text-transform);--awb-caption-title-line-height:var(--h2_typography-line-height);--awb-caption-title-letter-spacing:var(--h2_typography-letter-spacing);\"><span class=\" fusion-imageframe imageframe-none imageframe-1 hover-type-none\" class=\"image-magnify\" class=\"image-scroll\"><img decoding=\"async\" width=\"1200\" height=\"771\" title=\"rough-og-inner-0\" src=\"https:\/\/orangedairy.com\/wp-content\/uploads\/2023\/04\/rough-og-inner-0.jpg\" alt class=\"img-responsive wp-image-371\" srcset=\"https:\/\/orangedairy.com\/wp-content\/uploads\/2023\/04\/rough-og-inner-0-200x129.jpg 200w, https:\/\/orangedairy.com\/wp-content\/uploads\/2023\/04\/rough-og-inner-0-400x257.jpg 400w, https:\/\/orangedairy.com\/wp-content\/uploads\/2023\/04\/rough-og-inner-0-600x386.jpg 600w, https:\/\/orangedairy.com\/wp-content\/uploads\/2023\/04\/rough-og-inner-0-800x514.jpg 800w, https:\/\/orangedairy.com\/wp-content\/uploads\/2023\/04\/rough-og-inner-0.jpg 1200w\" sizes=\"(max-width: 800px) 100vw, 400px\" \/><\/span><\/div><div class=\"fusion-image-element \" style=\"text-align:center;--awb-mask-url: url(http:\/\/orangedairy.com\/wp-content\/uploads\/2023\/04\/orange-dairy-mask-products-base.svg);--awb-mask-size: cover;--awb-margin-top:-38px;--awb-caption-title-font-family:var(--h2_typography-font-family);--awb-caption-title-font-weight:var(--h2_typography-font-weight);--awb-caption-title-font-style:var(--h2_typography-font-style);--awb-caption-title-size:var(--h2_typography-font-size);--awb-caption-title-transform:var(--h2_typography-text-transform);--awb-caption-title-line-height:var(--h2_typography-line-height);--awb-caption-title-letter-spacing:var(--h2_typography-letter-spacing);\"><span class=\" fusion-imageframe imageframe-none imageframe-2 hover-type-none has-mask isilac-product-text-box\" class=\"image-magnify\" class=\"image-scroll\"><img decoding=\"async\" width=\"600\" height=\"500\" title=\"orange-dairy-isilac-product-base-2 copy\" src=\"https:\/\/orangedairy.com\/wp-content\/uploads\/2023\/08\/orange-dairy-isilac-product-base-2-copy.jpg\" alt class=\"img-responsive wp-image-977\" srcset=\"https:\/\/orangedairy.com\/wp-content\/uploads\/2023\/08\/orange-dairy-isilac-product-base-2-copy-200x167.jpg 200w, https:\/\/orangedairy.com\/wp-content\/uploads\/2023\/08\/orange-dairy-isilac-product-base-2-copy-400x333.jpg 400w, https:\/\/orangedairy.com\/wp-content\/uploads\/2023\/08\/orange-dairy-isilac-product-base-2-copy.jpg 600w\" sizes=\"(max-width: 800px) 100vw, 400px\" \/><\/span><\/div><div class=\"fusion-title title fusion-title-2 fusion-sep-none fusion-title-center fusion-title-text fusion-title-size-three isilac-product-title\" style=\"--awb-text-color:var(--awb-color8);--awb-margin-top:0px;--awb-margin-bottom:5px;--awb-font-size:24px;\"><h3 class=\"title-heading-center\" style=\"margin:0;font-size:1em;text-transform:uppercase;\">Semi-Mature Mimolette<\/h3><\/div><\/div><\/div><div class=\"fusion-layout-column fusion_builder_column fusion-builder-column-3 fusion_builder_column_1_3 1_3 fusion-flex-column orange-dairy-isilac-product\" style=\"--awb-bg-size:cover;--awb-width-large:33.333333333333%;--awb-margin-top-large:0px;--awb-spacing-right-large:5.76%;--awb-margin-bottom-large:20px;--awb-spacing-left-large:5.76%;--awb-width-medium:33.333333333333%;--awb-order-medium:0;--awb-spacing-right-medium:5.76%;--awb-spacing-left-medium:5.76%;--awb-width-small:100%;--awb-order-small:0;--awb-spacing-right-small:1.92%;--awb-spacing-left-small:1.92%;\" data-motion-effects=\"[{&quot;type&quot;:&quot;&quot;,&quot;scroll_type&quot;:&quot;transition&quot;,&quot;scroll_direction&quot;:&quot;up&quot;,&quot;transition_speed&quot;:&quot;1&quot;,&quot;fade_type&quot;:&quot;in&quot;,&quot;scale_type&quot;:&quot;up&quot;,&quot;initial_scale&quot;:&quot;1&quot;,&quot;max_scale&quot;:&quot;1.5&quot;,&quot;min_scale&quot;:&quot;0.5&quot;,&quot;initial_rotate&quot;:&quot;0&quot;,&quot;end_rotate&quot;:&quot;30&quot;,&quot;initial_blur&quot;:&quot;0&quot;,&quot;end_blur&quot;:&quot;3&quot;,&quot;start_element&quot;:&quot;top&quot;,&quot;start_viewport&quot;:&quot;bottom&quot;,&quot;end_element&quot;:&quot;bottom&quot;,&quot;end_viewport&quot;:&quot;top&quot;,&quot;mouse_effect&quot;:&quot;track&quot;,&quot;mouse_effect_direction&quot;:&quot;opposite&quot;,&quot;mouse_effect_speed&quot;:&quot;2&quot;,&quot;infinite_animation&quot;:&quot;float&quot;,&quot;infinite_animation_speed&quot;:&quot;2&quot;}]\" data-scroll-devices=\"small-visibility,medium-visibility,large-visibility\"><div class=\"fusion-column-wrapper fusion-column-has-shadow fusion-flex-justify-content-flex-start fusion-content-layout-column\"><div class=\"fusion-image-element \" style=\"text-align:center;--awb-caption-title-font-family:var(--h2_typography-font-family);--awb-caption-title-font-weight:var(--h2_typography-font-weight);--awb-caption-title-font-style:var(--h2_typography-font-style);--awb-caption-title-size:var(--h2_typography-font-size);--awb-caption-title-transform:var(--h2_typography-text-transform);--awb-caption-title-line-height:var(--h2_typography-line-height);--awb-caption-title-letter-spacing:var(--h2_typography-letter-spacing);\"><span class=\" fusion-imageframe imageframe-none imageframe-3 hover-type-none\" class=\"image-magnify\" class=\"image-scroll\"><img decoding=\"async\" width=\"1200\" height=\"771\" title=\"rough-og-inner-0\" src=\"https:\/\/orangedairy.com\/wp-content\/uploads\/2023\/04\/rough-og-inner-0.jpg\" alt class=\"img-responsive wp-image-371\" srcset=\"https:\/\/orangedairy.com\/wp-content\/uploads\/2023\/04\/rough-og-inner-0-200x129.jpg 200w, https:\/\/orangedairy.com\/wp-content\/uploads\/2023\/04\/rough-og-inner-0-400x257.jpg 400w, https:\/\/orangedairy.com\/wp-content\/uploads\/2023\/04\/rough-og-inner-0-600x386.jpg 600w, https:\/\/orangedairy.com\/wp-content\/uploads\/2023\/04\/rough-og-inner-0-800x514.jpg 800w, https:\/\/orangedairy.com\/wp-content\/uploads\/2023\/04\/rough-og-inner-0.jpg 1200w\" sizes=\"(max-width: 800px) 100vw, 400px\" \/><\/span><\/div><div class=\"fusion-image-element \" style=\"text-align:center;--awb-mask-url: url(http:\/\/orangedairy.com\/wp-content\/uploads\/2023\/04\/orange-dairy-mask-products-base.svg);--awb-mask-size: cover;--awb-margin-top:-38px;--awb-caption-title-font-family:var(--h2_typography-font-family);--awb-caption-title-font-weight:var(--h2_typography-font-weight);--awb-caption-title-font-style:var(--h2_typography-font-style);--awb-caption-title-size:var(--h2_typography-font-size);--awb-caption-title-transform:var(--h2_typography-text-transform);--awb-caption-title-line-height:var(--h2_typography-line-height);--awb-caption-title-letter-spacing:var(--h2_typography-letter-spacing);\"><span class=\" fusion-imageframe imageframe-none imageframe-4 hover-type-none has-mask isilac-product-text-box\" class=\"image-magnify\" class=\"image-scroll\"><img decoding=\"async\" width=\"600\" height=\"500\" title=\"orange-dairy-isilac-product-base-2 copy\" src=\"https:\/\/orangedairy.com\/wp-content\/uploads\/2023\/08\/orange-dairy-isilac-product-base-2-copy.jpg\" alt class=\"img-responsive wp-image-977\" srcset=\"https:\/\/orangedairy.com\/wp-content\/uploads\/2023\/08\/orange-dairy-isilac-product-base-2-copy-200x167.jpg 200w, https:\/\/orangedairy.com\/wp-content\/uploads\/2023\/08\/orange-dairy-isilac-product-base-2-copy-400x333.jpg 400w, https:\/\/orangedairy.com\/wp-content\/uploads\/2023\/08\/orange-dairy-isilac-product-base-2-copy.jpg 600w\" sizes=\"(max-width: 800px) 100vw, 400px\" \/><\/span><\/div><div class=\"fusion-title title fusion-title-3 fusion-sep-none fusion-title-center fusion-title-text fusion-title-size-three isilac-product-title\" style=\"--awb-text-color:var(--awb-color8);--awb-margin-top:0px;--awb-margin-bottom:5px;--awb-font-size:24px;\"><h3 class=\"title-heading-center\" style=\"margin:0;font-size:1em;text-transform:uppercase;\">Mature Mimolette<\/h3><\/div><\/div><\/div><div class=\"fusion-layout-column fusion_builder_column fusion-builder-column-4 fusion_builder_column_1_1 1_1 fusion-flex-column\" style=\"--awb-bg-size:cover;--awb-width-large:100%;--awb-margin-top-large:0px;--awb-spacing-right-large:1.92%;--awb-margin-bottom-large:20px;--awb-spacing-left-large:1.92%;--awb-width-medium:100%;--awb-order-medium:0;--awb-spacing-right-medium:1.92%;--awb-spacing-left-medium:1.92%;--awb-width-small:100%;--awb-order-small:0;--awb-spacing-right-small:1.92%;--awb-spacing-left-small:1.92%;\"><div class=\"fusion-column-wrapper fusion-column-has-shadow fusion-flex-justify-content-flex-start fusion-content-layout-column\"><div style=\"text-align:center;\"><a class=\"fusion-button button-flat fusion-button-default-size button-default fusion-button-default button-1 fusion-button-default-span fusion-button-default-type orange-btn\" style=\"--button_text_transform:capitalize;\" target=\"_self\" href=\"https:\/\/orangedairy.com\/fr\/tous-nos-produits\/\"><span class=\"fusion-button-text\">All Products<\/span><\/a><\/div><\/div><\/div><\/div><\/div><\/p>\n","protected":false},"excerpt":{"rendered":"","protected":false},"author":5,"featured_media":371,"parent":0,"menu_order":0,"comment_status":"closed","ping_status":"closed","template":"100-width.php","meta":{"footnotes":""},"class_list":["post-1105","page","type-page","status-publish","has-post-thumbnail","hentry"],"yoast_head":"<!-- This site is optimized with the Yoast SEO plugin v20.12 - https:\/\/yoast.com\/wordpress\/plugins\/seo\/ -->\n<title>Fromage mimolette - Orange Dairy<\/title>\n<meta name=\"robots\" content=\"index, follow, max-snippet:-1, max-image-preview:large, max-video-preview:-1\" \/>\n<link rel=\"canonical\" href=\"https:\/\/orangedairy.com\/fr\/fromage-mimolette\/\" \/>\n<meta property=\"og:locale\" content=\"fr_FR\" \/>\n<meta property=\"og:type\" content=\"article\" \/>\n<meta property=\"og:title\" content=\"Fromage mimolette - Orange Dairy\" \/>\n<meta property=\"og:url\" content=\"https:\/\/orangedairy.com\/fr\/fromage-mimolette\/\" \/>\n<meta property=\"og:site_name\" content=\"Orange Dairy\" \/>\n<meta property=\"article:modified_time\" content=\"2023-08-27T07:11:12+00:00\" \/>\n<meta property=\"og:image\" content=\"https:\/\/orangedairy.com\/wp-content\/uploads\/2023\/04\/rough-og-inner-0.jpg\" \/>\n\t<meta property=\"og:image:width\" content=\"1200\" \/>\n\t<meta property=\"og:image:height\" content=\"771\" \/>\n\t<meta property=\"og:image:type\" content=\"image\/jpeg\" \/>\n<meta name=\"twitter:card\" content=\"summary_large_image\" \/>\n<script type=\"application\/ld+json\" class=\"yoast-schema-graph\">{\"@context\":\"https:\/\/schema.org\",\"@graph\":[{\"@type\":\"WebPage\",\"@id\":\"https:\/\/orangedairy.com\/fr\/fromage-mimolette\/\",\"url\":\"https:\/\/orangedairy.com\/fr\/fromage-mimolette\/\",\"name\":\"Fromage mimolette - Orange Dairy\",\"isPartOf\":{\"@id\":\"https:\/\/orangedairy.com\/fr\/#website\"},\"datePublished\":\"2023-08-14T08:36:19+00:00\",\"dateModified\":\"2023-08-27T07:11:12+00:00\",\"breadcrumb\":{\"@id\":\"https:\/\/orangedairy.com\/fr\/fromage-mimolette\/#breadcrumb\"},\"inLanguage\":\"fr-FR\",\"potentialAction\":[{\"@type\":\"ReadAction\",\"target\":[\"https:\/\/orangedairy.com\/fr\/fromage-mimolette\/\"]}]},{\"@type\":\"BreadcrumbList\",\"@id\":\"https:\/\/orangedairy.com\/fr\/fromage-mimolette\/#breadcrumb\",\"itemListElement\":[{\"@type\":\"ListItem\",\"position\":1,\"name\":\"Home\",\"item\":\"https:\/\/orangedairy.com\/fr\/\"},{\"@type\":\"ListItem\",\"position\":2,\"name\":\"Fromage mimolette\"}]},{\"@type\":\"WebSite\",\"@id\":\"https:\/\/orangedairy.com\/fr\/#website\",\"url\":\"https:\/\/orangedairy.com\/fr\/\",\"name\":\"Orange Dairy\",\"description\":\"Innovation in Nutrition\",\"publisher\":{\"@id\":\"https:\/\/orangedairy.com\/fr\/#organization\"},\"potentialAction\":[{\"@type\":\"SearchAction\",\"target\":{\"@type\":\"EntryPoint\",\"urlTemplate\":\"https:\/\/orangedairy.com\/fr\/?s={search_term_string}\"},\"query-input\":\"required name=search_term_string\"}],\"inLanguage\":\"fr-FR\"},{\"@type\":\"Organization\",\"@id\":\"https:\/\/orangedairy.com\/fr\/#organization\",\"name\":\"Orange Dairy\",\"url\":\"https:\/\/orangedairy.com\/fr\/\",\"logo\":{\"@type\":\"ImageObject\",\"inLanguage\":\"fr-FR\",\"@id\":\"https:\/\/orangedairy.com\/fr\/#\/schema\/logo\/image\/\",\"url\":\"https:\/\/orangedairy.com\/wp-content\/uploads\/2023\/04\/orange-dairy-favicon.png\",\"contentUrl\":\"https:\/\/orangedairy.com\/wp-content\/uploads\/2023\/04\/orange-dairy-favicon.png\",\"width\":600,\"height\":600,\"caption\":\"Orange Dairy\"},\"image\":{\"@id\":\"https:\/\/orangedairy.com\/fr\/#\/schema\/logo\/image\/\"}}]}<\/script>\n<!-- \/ Yoast SEO plugin. -->","yoast_head_json":{"title":"Fromage mimolette - Orange Dairy","robots":{"index":"index","follow":"follow","max-snippet":"max-snippet:-1","max-image-preview":"max-image-preview:large","max-video-preview":"max-video-preview:-1"},"canonical":"https:\/\/orangedairy.com\/fr\/fromage-mimolette\/","og_locale":"fr_FR","og_type":"article","og_title":"Fromage mimolette - Orange Dairy","og_url":"https:\/\/orangedairy.com\/fr\/fromage-mimolette\/","og_site_name":"Orange Dairy","article_modified_time":"2023-08-27T07:11:12+00:00","og_image":[{"width":1200,"height":771,"url":"https:\/\/orangedairy.com\/wp-content\/uploads\/2023\/04\/rough-og-inner-0.jpg","type":"image\/jpeg"}],"twitter_card":"summary_large_image","schema":{"@context":"https:\/\/schema.org","@graph":[{"@type":"WebPage","@id":"https:\/\/orangedairy.com\/fr\/fromage-mimolette\/","url":"https:\/\/orangedairy.com\/fr\/fromage-mimolette\/","name":"Fromage mimolette - Orange Dairy","isPartOf":{"@id":"https:\/\/orangedairy.com\/fr\/#website"},"datePublished":"2023-08-14T08:36:19+00:00","dateModified":"2023-08-27T07:11:12+00:00","breadcrumb":{"@id":"https:\/\/orangedairy.com\/fr\/fromage-mimolette\/#breadcrumb"},"inLanguage":"fr-FR","potentialAction":[{"@type":"ReadAction","target":["https:\/\/orangedairy.com\/fr\/fromage-mimolette\/"]}]},{"@type":"BreadcrumbList","@id":"https:\/\/orangedairy.com\/fr\/fromage-mimolette\/#breadcrumb","itemListElement":[{"@type":"ListItem","position":1,"name":"Home","item":"https:\/\/orangedairy.com\/fr\/"},{"@type":"ListItem","position":2,"name":"Fromage mimolette"}]},{"@type":"WebSite","@id":"https:\/\/orangedairy.com\/fr\/#website","url":"https:\/\/orangedairy.com\/fr\/","name":"Orange Dairy","description":"Innovation in Nutrition","publisher":{"@id":"https:\/\/orangedairy.com\/fr\/#organization"},"potentialAction":[{"@type":"SearchAction","target":{"@type":"EntryPoint","urlTemplate":"https:\/\/orangedairy.com\/fr\/?s={search_term_string}"},"query-input":"required name=search_term_string"}],"inLanguage":"fr-FR"},{"@type":"Organization","@id":"https:\/\/orangedairy.com\/fr\/#organization","name":"Orange Dairy","url":"https:\/\/orangedairy.com\/fr\/","logo":{"@type":"ImageObject","inLanguage":"fr-FR","@id":"https:\/\/orangedairy.com\/fr\/#\/schema\/logo\/image\/","url":"https:\/\/orangedairy.com\/wp-content\/uploads\/2023\/04\/orange-dairy-favicon.png","contentUrl":"https:\/\/orangedairy.com\/wp-content\/uploads\/2023\/04\/orange-dairy-favicon.png","width":600,"height":600,"caption":"Orange Dairy"},"image":{"@id":"https:\/\/orangedairy.com\/fr\/#\/schema\/logo\/image\/"}}]}},"_links":{"self":[{"href":"https:\/\/orangedairy.com\/fr\/wp-json\/wp\/v2\/pages\/1105"}],"collection":[{"href":"https:\/\/orangedairy.com\/fr\/wp-json\/wp\/v2\/pages"}],"about":[{"href":"https:\/\/orangedairy.com\/fr\/wp-json\/wp\/v2\/types\/page"}],"author":[{"embeddable":true,"href":"https:\/\/orangedairy.com\/fr\/wp-json\/wp\/v2\/users\/5"}],"replies":[{"embeddable":true,"href":"https:\/\/orangedairy.com\/fr\/wp-json\/wp\/v2\/comments?post=1105"}],"version-history":[{"count":0,"href":"https:\/\/orangedairy.com\/fr\/wp-json\/wp\/v2\/pages\/1105\/revisions"}],"wp:featuredmedia":[{"embeddable":true,"href":"https:\/\/orangedairy.com\/fr\/wp-json\/wp\/v2\/media\/371"}],"wp:attachment":[{"href":"https:\/\/orangedairy.com\/fr\/wp-json\/wp\/v2\/media?parent=1105"}],"curies":[{"name":"wp","href":"https:\/\/api.w.org\/{rel}","templated":true}]}}